{"id":26245,"date":"2023-12-11T18:49:57","date_gmt":"2023-12-11T18:49:57","guid":{"rendered":"https:\/\/www.superiortortillas.com\/chips\/"},"modified":"2025-03-04T23:15:42","modified_gmt":"2025-03-04T23:15:42","slug":"chips","status":"publish","type":"page","link":"https:\/\/www.superiortortillas.com\/es\/chips\/","title":{"rendered":"Chips"},"content":{"rendered":"<p>[et_pb_section fb_built=&#8221;1&#8243; next_background_color=&#8221;#ffffff&#8221; _builder_version=&#8221;4.27.4&#8243; _module_preset=&#8221;default&#8221; use_background_color_gradient=&#8221;on&#8221; background_color_gradient_stops=&#8221;rgba(0,0,0,0.71) 0%|rgba(0,0,0,0.58) 100%&#8221; background_color_gradient_overlays_image=&#8221;on&#8221; background_image=&#8221;https:\/\/www.superiortortillas.com\/wp-content\/uploads\/2023\/12\/tortillachips-scaled.jpg&#8221; min_height=&#8221;250px&#8221; custom_padding=&#8221;||62px|||&#8221; bottom_divider_style=&#8221;slant2&#8243; global_colors_info=&#8221;{}&#8221;][et_pb_row _builder_version=&#8221;4.27.4&#8243; _module_preset=&#8221;default&#8221; custom_padding=&#8221;55px||65px||false|false&#8221; global_colors_info=&#8221;{}&#8221;][et_pb_column type=&#8221;4_4&#8243; _builder_version=&#8221;4.16&#8243; _module_preset=&#8221;default&#8221; global_colors_info=&#8221;{}&#8221;][et_pb_text _builder_version=&#8221;4.23.1&#8243; _module_preset=&#8221;default&#8221; header_4_font=&#8221;|700||on|||||&#8221; header_4_text_color=&#8221;#FFFFFF&#8221; header_4_font_size=&#8221;14px&#8221; header_4_letter_spacing=&#8221;2px&#8221; custom_margin=&#8221;||0px||false|false&#8221; global_colors_info=&#8221;{}&#8221;]<\/p>\n<h4>Siempre Frescas, Siempre Superiores<\/h4>\n<p>[\/et_pb_text][et_pb_text _builder_version=&#8221;4.27.4&#8243; _module_preset=&#8221;default&#8221; text_font=&#8221;&#8211;et_global_body_font||||||||&#8221; text_text_color=&#8221;#FFFFFF&#8221; text_font_size=&#8221;16px&#8221; text_line_height=&#8221;1.8em&#8221; header_font=&#8221;Cooper|800|||||||&#8221; header_text_color=&#8221;#ff4713&#8243; header_font_size=&#8221;75px&#8221; custom_padding=&#8221;||75px||false|false&#8221; global_colors_info=&#8221;{}&#8221;]<\/p>\n<h1><span style=\"color: #ffffff;\">Nuestros <\/span><strong>Chips de Tortilla<\/strong><\/h1>\n<p>Disfruta la frescura de los Chips de Tortilla Estilo Deli, dise\u00f1ados para tiendas de abarrotes y supermercados. Estos chips ofrecen un sabor aut\u00e9ntico, como reci\u00e9n hechos en la tienda, ideal para tu selecci\u00f3n de snacks. Crujientes y sabrosos, son perfectos para acompa\u00f1ar tus favoritos del deli o agregar un toque delicioso a cualquier comida.<\/p>\n<p>[\/et_pb_text][\/et_pb_column][\/et_pb_row][\/et_pb_section][et_pb_section fb_built=&#8221;1&#8243; _builder_version=&#8221;4.23.1&#8243; _module_preset=&#8221;default&#8221; custom_padding=&#8221;||150px||false|false&#8221; global_colors_info=&#8221;{}&#8221;][et_pb_row column_structure=&#8221;2_5,3_5&#8243; _builder_version=&#8221;4.19.5&#8243; _module_preset=&#8221;default&#8221; max_width=&#8221;100%&#8221; custom_margin=&#8221;0px||0px||false|false&#8221; custom_padding=&#8221;0px||0px||false|false&#8221; global_colors_info=&#8221;{}&#8221;][et_pb_column type=&#8221;2_5&#8243; _builder_version=&#8221;4.16&#8243; _module_preset=&#8221;default&#8221; global_colors_info=&#8221;{}&#8221;][et_pb_image src=&#8221;https:\/\/www.superiortortillas.com\/wp-content\/uploads\/2025\/01\/la-superior-chips_2-scaled.jpg&#8221; title_text=&#8221;la superior-chips_2&#8243; force_fullwidth=&#8221;on&#8221; _builder_version=&#8221;4.27.4&#8243; _module_preset=&#8221;default&#8221; global_colors_info=&#8221;{}&#8221;][\/et_pb_image][\/et_pb_column][et_pb_column type=&#8221;3_5&#8243; _builder_version=&#8221;4.16&#8243; _module_preset=&#8221;default&#8221; global_colors_info=&#8221;{}&#8221;][et_pb_text _builder_version=&#8221;4.27.4&#8243; _module_preset=&#8221;default&#8221; text_font=&#8221;&#8211;et_global_body_font||||||||&#8221; text_font_size=&#8221;16px&#8221; text_line_height=&#8221;1.8em&#8221; header_2_font=&#8221;Cooper|500|||||||&#8221; header_2_text_color=&#8221;#ff4713&#8243; header_2_font_size=&#8221;55px&#8221; header_2_line_height=&#8221;1.5em&#8221; custom_margin=&#8221;60px||||false|false&#8221; global_colors_info=&#8221;{}&#8221;]<\/p>\n<h2>Chips de Tortilla Fritos<\/h2>\n<p>Disfruta la crujiente perfecci\u00f3n de los Chips de Tortilla Fritos Gourmet, ideales para los amantes de los snacks. Elaborados con ma\u00edz seleccionado y fritos hasta alcanzar una perfecci\u00f3n dorada, ofrecen un sabor robusto que realza dips y salsas. Estos chips son perfectos para disfrutar en casa o como un elegante aperitivo para fiestas, combinando una textura crujiente con un sabor intenso en cada bocado.<\/p>\n<p>[\/et_pb_text][et_pb_button button_url=&#8221;https:\/\/www.superiortortillas.com\/retail-support\/&#8221; button_text=&#8221;Informaci\u00f3n para Minoristas&#8221; _builder_version=&#8221;4.27.4&#8243; _module_preset=&#8221;default&#8221; custom_button=&#8221;on&#8221; button_text_size=&#8221;14px&#8221; button_text_color=&#8221;#FFFFFF&#8221; button_bg_color=&#8221;#133764&#8243; button_border_width=&#8221;0px&#8221; button_border_radius=&#8221;5px&#8221; button_letter_spacing=&#8221;1px&#8221; button_font=&#8221;Oswald|||on|||||&#8221; button_icon=&#8221;&#x45;||divi||400&#8243; button_on_hover=&#8221;off&#8221; custom_padding=&#8221;15px|65px|15px|55px|false|false&#8221; global_colors_info=&#8221;{}&#8221;][\/et_pb_button][\/et_pb_column][\/et_pb_row][et_pb_row column_structure=&#8221;2_5,3_5&#8243; _builder_version=&#8221;4.27.4&#8243; _module_preset=&#8221;default&#8221; max_width=&#8221;100%&#8221; custom_margin=&#8221;20px||0px||false|false&#8221; custom_padding=&#8221;0px||0px||false|false&#8221; global_colors_info=&#8221;{}&#8221;][et_pb_column type=&#8221;2_5&#8243; _builder_version=&#8221;4.16&#8243; _module_preset=&#8221;default&#8221; global_colors_info=&#8221;{}&#8221;][et_pb_image src=&#8221;https:\/\/www.superiortortillas.com\/wp-content\/uploads\/2025\/01\/la-superior-raw-bag-2-scaled.jpg&#8221; title_text=&#8221;la superior-raw-bag-2&#8243; _builder_version=&#8221;4.27.4&#8243; _module_preset=&#8221;default&#8221; global_colors_info=&#8221;{}&#8221;][\/et_pb_image][\/et_pb_column][et_pb_column type=&#8221;3_5&#8243; _builder_version=&#8221;4.16&#8243; _module_preset=&#8221;default&#8221; global_colors_info=&#8221;{}&#8221;][et_pb_text _builder_version=&#8221;4.27.4&#8243; _module_preset=&#8221;default&#8221; text_font=&#8221;&#8211;et_global_body_font||||||||&#8221; text_font_size=&#8221;16px&#8221; text_line_height=&#8221;1.8em&#8221; header_2_font=&#8221;Cooper|500|||||||&#8221; header_2_text_color=&#8221;#ff4713&#8243; header_2_font_size=&#8221;55px&#8221; header_2_line_height=&#8221;1.5em&#8221; custom_margin=&#8221;50px||||false|false&#8221; global_colors_info=&#8221;{}&#8221;]<\/p>\n<h2>Chips de Tortilla Cortados<\/h2>\n<p>Disfruta del atractivo personalizado de los Chips de Tortilla Cortados, ideales para restaurantes y servicios de alimentos. Estos chips pre-cortados, con el equilibrio perfecto entre grueso y delgado, est\u00e1n listos para ser fritos a medida, adapt\u00e1ndose a cualquier estilo culinario. Ideales para una variedad de platillos, desde nachos hasta aperitivos \u00fanicos, aportan una calidad de fritura fresca a la mesa, realzando cada comida con su crujido perfecto.[\/et_pb_text][et_pb_button button_url=&#8221;https:\/\/www.superiortortillas.com\/food-service\/&#8221; button_text=&#8221;Servicio de Alimentos&#8221; _builder_version=&#8221;4.27.4&#8243; _module_preset=&#8221;default&#8221; custom_button=&#8221;on&#8221; button_text_size=&#8221;14px&#8221; button_text_color=&#8221;#FFFFFF&#8221; button_bg_color=&#8221;#133764&#8243; button_border_width=&#8221;0px&#8221; button_border_radius=&#8221;5px&#8221; button_letter_spacing=&#8221;1px&#8221; button_font=&#8221;Oswald|||on|||||&#8221; button_icon=&#8221;&#x45;||divi||400&#8243; button_on_hover=&#8221;off&#8221; custom_padding=&#8221;15px|65px|15px|55px|false|false&#8221; global_colors_info=&#8221;{}&#8221;][\/et_pb_button][\/et_pb_column][\/et_pb_row][\/et_pb_section]<\/p>\n","protected":false},"excerpt":{"rendered":"<p>Siempre Frescas, Siempre SuperioresNuestros Chips de Tortilla Disfruta la frescura de los Chips de Tortilla Estilo Deli, dise\u00f1ados para tiendas de abarrotes y supermercados. Estos chips ofrecen un sabor aut\u00e9ntico, como reci\u00e9n hechos en la tienda, ideal para tu selecci\u00f3n de snacks. Crujientes y sabrosos, son perfectos para acompa\u00f1ar tus favoritos del deli o agregar [&hellip;]<\/p>\n","protected":false},"author":1,"featured_media":0,"parent":0,"menu_order":0,"comment_status":"closed","ping_status":"closed","template":"","meta":{"_et_pb_use_builder":"on","_et_pb_old_content":"","_et_gb_content_width":"","footnotes":""},"class_list":["post-26245","page","type-page","status-publish","hentry"],"yoast_head":"<!-- This site is optimized with the Yoast SEO plugin v27.4 - https:\/\/yoast.com\/product\/yoast-seo-wordpress\/ -->\n<title>Chips - La Superior Tortillas<\/title>\n<meta name=\"robots\" content=\"index, follow, max-snippet:-1, max-image-preview:large, max-video-preview:-1\" \/>\n<link rel=\"canonical\" href=\"https:\/\/www.superiortortillas.com\/es\/chips\/\" \/>\n<meta property=\"og:locale\" content=\"es_ES\" \/>\n<meta property=\"og:type\" content=\"article\" \/>\n<meta property=\"og:title\" content=\"Chips - La Superior Tortillas\" \/>\n<meta property=\"og:description\" content=\"Siempre Frescas, Siempre SuperioresNuestros Chips de Tortilla Disfruta la frescura de los Chips de Tortilla Estilo Deli, dise\u00f1ados para tiendas de abarrotes y supermercados. Estos chips ofrecen un sabor aut\u00e9ntico, como reci\u00e9n hechos en la tienda, ideal para tu selecci\u00f3n de snacks. Crujientes y sabrosos, son perfectos para acompa\u00f1ar tus favoritos del deli o agregar [&hellip;]\" \/>\n<meta property=\"og:url\" content=\"https:\/\/www.superiortortillas.com\/es\/chips\/\" \/>\n<meta property=\"og:site_name\" content=\"La Superior Tortillas\" \/>\n<meta property=\"article:modified_time\" content=\"2025-03-04T23:15:42+00:00\" \/>\n<meta name=\"twitter:card\" content=\"summary_large_image\" \/>\n<meta name=\"twitter:label1\" content=\"Tiempo de lectura\" \/>\n\t<meta name=\"twitter:data1\" content=\"4 minutos\" \/>\n<script type=\"application\/ld+json\" class=\"yoast-schema-graph\">{\"@context\":\"https:\\\/\\\/schema.org\",\"@graph\":[{\"@type\":\"WebPage\",\"@id\":\"https:\\\/\\\/www.superiortortillas.com\\\/es\\\/chips\\\/\",\"url\":\"https:\\\/\\\/www.superiortortillas.com\\\/es\\\/chips\\\/\",\"name\":\"Chips - La Superior Tortillas\",\"isPartOf\":{\"@id\":\"https:\\\/\\\/www.superiortortillas.com\\\/#website\"},\"datePublished\":\"2023-12-11T18:49:57+00:00\",\"dateModified\":\"2025-03-04T23:15:42+00:00\",\"breadcrumb\":{\"@id\":\"https:\\\/\\\/www.superiortortillas.com\\\/es\\\/chips\\\/#breadcrumb\"},\"inLanguage\":\"es\",\"potentialAction\":[{\"@type\":\"ReadAction\",\"target\":[\"https:\\\/\\\/www.superiortortillas.com\\\/es\\\/chips\\\/\"]}]},{\"@type\":\"BreadcrumbList\",\"@id\":\"https:\\\/\\\/www.superiortortillas.com\\\/es\\\/chips\\\/#breadcrumb\",\"itemListElement\":[{\"@type\":\"ListItem\",\"position\":1,\"name\":\"Home\",\"item\":\"https:\\\/\\\/www.superiortortillas.com\\\/es\\\/inicio\\\/\"},{\"@type\":\"ListItem\",\"position\":2,\"name\":\"Chips\"}]},{\"@type\":\"WebSite\",\"@id\":\"https:\\\/\\\/www.superiortortillas.com\\\/#website\",\"url\":\"https:\\\/\\\/www.superiortortillas.com\\\/\",\"name\":\"La Superior Tortillas\",\"description\":\"Always Fresh, Always Superior\",\"potentialAction\":[{\"@type\":\"SearchAction\",\"target\":{\"@type\":\"EntryPoint\",\"urlTemplate\":\"https:\\\/\\\/www.superiortortillas.com\\\/?s={search_term_string}\"},\"query-input\":{\"@type\":\"PropertyValueSpecification\",\"valueRequired\":true,\"valueName\":\"search_term_string\"}}],\"inLanguage\":\"es\"}]}<\/script>\n<!-- \/ Yoast SEO plugin. -->","yoast_head_json":{"title":"Chips - La Superior Tortillas","robots":{"index":"index","follow":"follow","max-snippet":"max-snippet:-1","max-image-preview":"max-image-preview:large","max-video-preview":"max-video-preview:-1"},"canonical":"https:\/\/www.superiortortillas.com\/es\/chips\/","og_locale":"es_ES","og_type":"article","og_title":"Chips - La Superior Tortillas","og_description":"Siempre Frescas, Siempre SuperioresNuestros Chips de Tortilla Disfruta la frescura de los Chips de Tortilla Estilo Deli, dise\u00f1ados para tiendas de abarrotes y supermercados. Estos chips ofrecen un sabor aut\u00e9ntico, como reci\u00e9n hechos en la tienda, ideal para tu selecci\u00f3n de snacks. Crujientes y sabrosos, son perfectos para acompa\u00f1ar tus favoritos del deli o agregar [&hellip;]","og_url":"https:\/\/www.superiortortillas.com\/es\/chips\/","og_site_name":"La Superior Tortillas","article_modified_time":"2025-03-04T23:15:42+00:00","twitter_card":"summary_large_image","twitter_misc":{"Tiempo de lectura":"4 minutos"},"schema":{"@context":"https:\/\/schema.org","@graph":[{"@type":"WebPage","@id":"https:\/\/www.superiortortillas.com\/es\/chips\/","url":"https:\/\/www.superiortortillas.com\/es\/chips\/","name":"Chips - La Superior Tortillas","isPartOf":{"@id":"https:\/\/www.superiortortillas.com\/#website"},"datePublished":"2023-12-11T18:49:57+00:00","dateModified":"2025-03-04T23:15:42+00:00","breadcrumb":{"@id":"https:\/\/www.superiortortillas.com\/es\/chips\/#breadcrumb"},"inLanguage":"es","potentialAction":[{"@type":"ReadAction","target":["https:\/\/www.superiortortillas.com\/es\/chips\/"]}]},{"@type":"BreadcrumbList","@id":"https:\/\/www.superiortortillas.com\/es\/chips\/#breadcrumb","itemListElement":[{"@type":"ListItem","position":1,"name":"Home","item":"https:\/\/www.superiortortillas.com\/es\/inicio\/"},{"@type":"ListItem","position":2,"name":"Chips"}]},{"@type":"WebSite","@id":"https:\/\/www.superiortortillas.com\/#website","url":"https:\/\/www.superiortortillas.com\/","name":"La Superior Tortillas","description":"Always Fresh, Always Superior","potentialAction":[{"@type":"SearchAction","target":{"@type":"EntryPoint","urlTemplate":"https:\/\/www.superiortortillas.com\/?s={search_term_string}"},"query-input":{"@type":"PropertyValueSpecification","valueRequired":true,"valueName":"search_term_string"}}],"inLanguage":"es"}]}},"_links":{"self":[{"href":"https:\/\/www.superiortortillas.com\/es\/wp-json\/wp\/v2\/pages\/26245","targetHints":{"allow":["GET"]}}],"collection":[{"href":"https:\/\/www.superiortortillas.com\/es\/wp-json\/wp\/v2\/pages"}],"about":[{"href":"https:\/\/www.superiortortillas.com\/es\/wp-json\/wp\/v2\/types\/page"}],"author":[{"embeddable":true,"href":"https:\/\/www.superiortortillas.com\/es\/wp-json\/wp\/v2\/users\/1"}],"replies":[{"embeddable":true,"href":"https:\/\/www.superiortortillas.com\/es\/wp-json\/wp\/v2\/comments?post=26245"}],"version-history":[{"count":2,"href":"https:\/\/www.superiortortillas.com\/es\/wp-json\/wp\/v2\/pages\/26245\/revisions"}],"predecessor-version":[{"id":26247,"href":"https:\/\/www.superiortortillas.com\/es\/wp-json\/wp\/v2\/pages\/26245\/revisions\/26247"}],"wp:attachment":[{"href":"https:\/\/www.superiortortillas.com\/es\/wp-json\/wp\/v2\/media?parent=26245"}],"curies":[{"name":"wp","href":"https:\/\/api.w.org\/{rel}","templated":true}]}}