{"id":26248,"date":"2025-02-04T07:39:36","date_gmt":"2025-02-04T07:39:36","guid":{"rendered":"https:\/\/www.superiortortillas.com\/co-packing\/"},"modified":"2025-09-26T01:46:21","modified_gmt":"2025-09-26T01:46:21","slug":"co-packing","status":"publish","type":"page","link":"https:\/\/www.superiortortillas.com\/es\/co-packing\/","title":{"rendered":"Co-Packing &#8211; Complete Guide"},"content":{"rendered":"<p>[et_pb_section fb_built=&#8221;1&#8243; next_background_color=&#8221;#ffffff&#8221; _builder_version=&#8221;4.27.4&#8243; _module_preset=&#8221;default&#8221; use_background_color_gradient=&#8221;on&#8221; background_color_gradient_stops=&#8221;rgba(0,0,0,0.21) 0%|rgba(0,0,0,0.4) 100%&#8221; background_color_gradient_overlays_image=&#8221;on&#8221; background_image=&#8221;https:\/\/www.superiortortillas.com\/wp-content\/uploads\/2021\/11\/barbacoa.png&#8221; min_height=&#8221;250px&#8221; custom_padding=&#8221;||62px|||&#8221; bottom_divider_style=&#8221;slant2&#8243; global_colors_info=&#8221;{}&#8221;][et_pb_row _builder_version=&#8221;4.27.4&#8243; _module_preset=&#8221;default&#8221; custom_padding=&#8221;55px||75px||false|false&#8221; global_colors_info=&#8221;{}&#8221;][et_pb_column type=&#8221;4_4&#8243; _builder_version=&#8221;4.16&#8243; _module_preset=&#8221;default&#8221; global_colors_info=&#8221;{}&#8221;][et_pb_text _builder_version=&#8221;4.23.1&#8243; _module_preset=&#8221;default&#8221; header_4_font=&#8221;|700||on|||||&#8221; header_4_text_color=&#8221;#FFFFFF&#8221; header_4_font_size=&#8221;14px&#8221; header_4_letter_spacing=&#8221;2px&#8221; custom_margin=&#8221;||0px||false|false&#8221; global_colors_info=&#8221;{}&#8221;]<\/p>\n<h4>Siempre Frescas, Siempre Superiores<\/h4>\n<p>[\/et_pb_text][et_pb_text _builder_version=&#8221;4.27.4&#8243; _module_preset=&#8221;default&#8221; text_font=&#8221;&#8211;et_global_body_font||||||||&#8221; text_text_color=&#8221;#FFFFFF&#8221; text_font_size=&#8221;16px&#8221; text_line_height=&#8221;1.8em&#8221; header_font=&#8221;Cooper|800|||||||&#8221; header_text_color=&#8221;#ff4713&#8243; header_font_size=&#8221;75px&#8221; header_2_font=&#8221;Cooper||||||||&#8221; custom_padding=&#8221;||75px||false|false&#8221; hover_enabled=&#8221;0&#8243; global_colors_info=&#8221;{}&#8221; sticky_enabled=&#8221;0&#8243;]<\/p>\n<h1><span style=\"color: #ffffff\">Co-<\/span><strong>Packing<\/strong><\/h1>\n<p>Superior Tortillas ofrece soluciones expertas de co-packing, entregando tortillas de alta calidad y con marca personalizada para satisfacer las necesidades de su negocio.<\/p>\n<p>[\/et_pb_text][\/et_pb_column][\/et_pb_row][\/et_pb_section][et_pb_section fb_built=&#8221;1&#8243; _builder_version=&#8221;4.27.4&#8243; _module_preset=&#8221;default&#8221; custom_padding=&#8221;55px||100px||false|false&#8221; global_colors_info=&#8221;{}&#8221;][et_pb_row _builder_version=&#8221;4.27.4&#8243; _module_preset=&#8221;default&#8221; custom_margin=&#8221;0px||||false|false&#8221; custom_padding=&#8221;0px||||false|false&#8221; global_colors_info=&#8221;{}&#8221;][et_pb_column type=&#8221;4_4&#8243; _builder_version=&#8221;4.27.4&#8243; _module_preset=&#8221;default&#8221; global_colors_info=&#8221;{}&#8221;][et_pb_text _builder_version=&#8221;4.27.4&#8243; _module_preset=&#8221;default&#8221; text_font=&#8221;&#8211;et_global_body_font||||||||&#8221; text_font_size=&#8221;16px&#8221; text_line_height=&#8221;1.8em&#8221; header_2_font=&#8221;Cooper||||||||&#8221; header_2_text_color=&#8221;#ff4713&#8243; header_2_font_size=&#8221;40px&#8221; header_2_line_height=&#8221;2em&#8221; header_3_font=&#8221;Cooper||||||||&#8221; header_3_text_color=&#8221;#ff4713&#8243; header_3_font_size=&#8221;35px&#8221; header_3_line_height=&#8221;2em&#8221; header_4_font=&#8221;Oswald||||||||&#8221; header_4_text_color=&#8221;#ff4713&#8243; header_4_font_size=&#8221;21px&#8221; header_4_line_height=&#8221;1.8em&#8221; hover_enabled=&#8221;0&#8243; global_colors_info=&#8221;{}&#8221; sticky_enabled=&#8221;0&#8243;]<\/p>\n<h2>Capacidades de Co-Packing<\/h2>\n<p>\u00bfBusca un socio confiable de co-packing para su producci\u00f3n de tortillas? Ofrecemos <strong>soluciones flexibles<\/strong> para ayudarle a llevar su producto al mercado m\u00e1s r\u00e1pido, sin la pesada inversi\u00f3n en equipos, mano de obra e I+D. <\/p>\n<h3>Lo que ofrecemos<\/h3>\n<p><strong><span style=\"color: #ff4713\">\u221a <\/span>Tama\u00f1os y Formatos Personalizados<br \/><\/strong>Desde <strong>tacos callejeros de 4\u201d<\/strong> hasta <strong>burritos de 10\u201d<\/strong>, podemos producir el tama\u00f1o y grosor exactos que necesita. Ya sea que requiera t<strong>ortillas est\u00e1ndar o especiales,<\/strong> tenemos lo que busca. <\/p>\n<p><strong><span style=\"color: #ff4713\">\u221a<\/span> Mezclas de Ma\u00edz y Harina<br \/><\/strong>Nos especializamos en mezclas de ma\u00edz y harina, garantizando una textura, consistencia y sabor de alta calidad que cumplen con sus especificaciones.<\/p>\n<p><strong><span style=\"color: #ff4713\">\u221a<\/span> Select Ingredients<\/strong><br \/>Have a unique recipe in mind? We work with premium, hand-selected ingredients to craft tortillas that match your brand\u2019s flavor and nutritional profile. <\/p>\n<p><strong><span style=\"color: #ff4713\">\u221a<\/span> Servicio al Cliente de Primera<br \/><\/strong>Tu \u00e9xito es nuestra prioridad. Nuestro equipo brinda soporte pr\u00e1ctico, comunicaci\u00f3n clara y flexibilidad para garantizar un proceso de producci\u00f3n sin contratiempos. \u00a1El tiempo es esencial!  <\/p>\n<p><strong><span style=\"color: #ff4713\">\u221a<\/span> Pruebas en L\u00ednea y Escalado<br \/><\/strong>Le ayudamos a probar, refinar y escalar su producto de manera eficiente, evitando costosos retrasos y asegurando una transici\u00f3n sin contratiempos desde el concepto hasta la producci\u00f3n a gran escala.<\/p>\n<p><strong><span style=\"color: #ff4713\">\u221a<\/span> Evite Costosos Gastos en R+D<br \/><\/strong>La R+D tradicional puede ser muy costosa. Aprovechando nuestra experiencia e infraestructura existente, puede desarrollar y lanzar su producto sin gastar una fortuna. <\/p>\n<p><strong><span style=\"color: #ff4713\">\u221a<\/span> Marca Privada y Branding<br \/><\/strong>Ofrecemos empaques personalizados con el logo de su marca, etiquetado y especificaciones, para ayudar a que su producto se destaque en los estantes y en el mercado.<\/p>\n<p><strong><span style=\"color: #ff4713\">\u221a<\/span> Control de Calidad Riguroso<br \/><\/strong>Nuestras tortillas se elaboran con los mejores ingredientes, garantizando un sabor, textura y consistencia superiores en cada lote.<\/p>\n<p><strong><span style=\"color: #ff4713\">\u221a <\/span>Seguridad Alimentaria y Cumplimiento<br \/><\/strong>Seguimos los est\u00e1ndares l\u00edderes en la industria en materia de seguridad y cumplimos con las normativas, adem\u00e1s de ser una instalaci\u00f3n certificada SQF.<\/p>\n<p>[\/et_pb_text][et_pb_button button_url=&#8221;\/es\/contact-us&#8221; button_text=&#8221;Cont\u00e1ctanos&#8221; _builder_version=&#8221;4.27.4&#8243; _module_preset=&#8221;default&#8221; custom_button=&#8221;on&#8221; button_text_size=&#8221;14px&#8221; button_text_color=&#8221;#FFFFFF&#8221; button_bg_color=&#8221;#133764&#8243; button_border_width=&#8221;0px&#8221; button_border_radius=&#8221;5px&#8221; button_letter_spacing=&#8221;1px&#8221; button_font=&#8221;Oswald|700||on|||||&#8221; button_icon=&#8221;&#x45;||divi||400&#8243; button_on_hover=&#8221;off&#8221; custom_padding=&#8221;15px|65px|15px|55px|false|false&#8221; global_colors_info=&#8221;{}&#8221;][\/et_pb_button][\/et_pb_column][\/et_pb_row][\/et_pb_section]<\/p>\n","protected":false},"excerpt":{"rendered":"<p>Siempre Frescas, Siempre SuperioresCo-Packing Superior Tortillas ofrece soluciones expertas de co-packing, entregando tortillas de alta calidad y con marca personalizada para satisfacer las necesidades de su negocio.Capacidades de Co-Packing \u00bfBusca un socio confiable de co-packing para su producci\u00f3n de tortillas? Ofrecemos soluciones flexibles para ayudarle a llevar su producto al mercado m\u00e1s r\u00e1pido, sin la [&hellip;]<\/p>\n","protected":false},"author":1,"featured_media":0,"parent":0,"menu_order":0,"comment_status":"closed","ping_status":"closed","template":"","meta":{"_et_pb_use_builder":"on","_et_pb_old_content":"","_et_gb_content_width":"","footnotes":""},"class_list":["post-26248","page","type-page","status-publish","hentry"],"yoast_head":"<!-- This site is optimized with the Yoast SEO plugin v27.4 - https:\/\/yoast.com\/product\/yoast-seo-wordpress\/ -->\n<title>Co-Packing - Complete Guide - La Superior Tortillas<\/title>\n<meta name=\"description\" content=\"[et_pb_section fb_built=&quot;1&quot; next_background_color=&quot;#ffffff&quot; _builder_version=&quot;4 Learn more about co-packing and improve your results.\" \/>\n<meta name=\"robots\" content=\"index, follow, max-snippet:-1, max-image-preview:large, max-video-preview:-1\" \/>\n<link rel=\"canonical\" href=\"https:\/\/www.superiortortillas.com\/co-packing\/\" \/>\n<meta property=\"og:locale\" content=\"es_ES\" \/>\n<meta property=\"og:type\" content=\"article\" \/>\n<meta property=\"og:title\" content=\"Co-Packing - Complete Guide - La Superior Tortillas\" \/>\n<meta property=\"og:description\" content=\"[et_pb_section fb_built=&quot;1&quot; next_background_color=&quot;#ffffff&quot; _builder_version=&quot;4 Learn more about co-packing and improve your results.\" \/>\n<meta property=\"og:url\" content=\"https:\/\/www.superiortortillas.com\/co-packing\/\" \/>\n<meta property=\"og:site_name\" content=\"La Superior Tortillas\" \/>\n<meta property=\"article:modified_time\" content=\"2025-09-26T01:46:21+00:00\" \/>\n<meta name=\"twitter:card\" content=\"summary_large_image\" \/>\n<meta name=\"twitter:label1\" content=\"Tiempo de lectura\" \/>\n\t<meta name=\"twitter:data1\" content=\"4 minutos\" \/>\n<script type=\"application\/ld+json\" class=\"yoast-schema-graph\">{\"@context\":\"https:\\\/\\\/schema.org\",\"@graph\":[{\"@type\":\"WebPage\",\"@id\":\"https:\\\/\\\/www.superiortortillas.com\\\/co-packing\\\/\",\"url\":\"https:\\\/\\\/www.superiortortillas.com\\\/co-packing\\\/\",\"name\":\"Co-Packing - Complete Guide - La Superior Tortillas\",\"isPartOf\":{\"@id\":\"https:\\\/\\\/www.superiortortillas.com\\\/#website\"},\"datePublished\":\"2025-02-04T07:39:36+00:00\",\"dateModified\":\"2025-09-26T01:46:21+00:00\",\"description\":\"[et_pb_section fb_built=\\\"1\\\" next_background_color=\\\"#ffffff\\\" _builder_version=\\\"4 Learn more about co-packing and improve your results.\",\"breadcrumb\":{\"@id\":\"https:\\\/\\\/www.superiortortillas.com\\\/co-packing\\\/#breadcrumb\"},\"inLanguage\":\"es\",\"potentialAction\":[{\"@type\":\"ReadAction\",\"target\":[\"https:\\\/\\\/www.superiortortillas.com\\\/co-packing\\\/\"]}]},{\"@type\":\"BreadcrumbList\",\"@id\":\"https:\\\/\\\/www.superiortortillas.com\\\/co-packing\\\/#breadcrumb\",\"itemListElement\":[{\"@type\":\"ListItem\",\"position\":1,\"name\":\"Home\",\"item\":\"https:\\\/\\\/www.superiortortillas.com\\\/es\\\/inicio\\\/\"},{\"@type\":\"ListItem\",\"position\":2,\"name\":\"Co-Packing &#8211; Complete Guide\"}]},{\"@type\":\"WebSite\",\"@id\":\"https:\\\/\\\/www.superiortortillas.com\\\/#website\",\"url\":\"https:\\\/\\\/www.superiortortillas.com\\\/\",\"name\":\"La Superior Tortillas\",\"description\":\"Always Fresh, Always Superior\",\"potentialAction\":[{\"@type\":\"SearchAction\",\"target\":{\"@type\":\"EntryPoint\",\"urlTemplate\":\"https:\\\/\\\/www.superiortortillas.com\\\/?s={search_term_string}\"},\"query-input\":{\"@type\":\"PropertyValueSpecification\",\"valueRequired\":true,\"valueName\":\"search_term_string\"}}],\"inLanguage\":\"es\"}]}<\/script>\n<!-- \/ Yoast SEO plugin. -->","yoast_head_json":{"title":"Co-Packing - Complete Guide - La Superior Tortillas","description":"[et_pb_section fb_built=\"1\" next_background_color=\"#ffffff\" _builder_version=\"4 Learn more about co-packing and improve your results.","robots":{"index":"index","follow":"follow","max-snippet":"max-snippet:-1","max-image-preview":"max-image-preview:large","max-video-preview":"max-video-preview:-1"},"canonical":"https:\/\/www.superiortortillas.com\/co-packing\/","og_locale":"es_ES","og_type":"article","og_title":"Co-Packing - Complete Guide - La Superior Tortillas","og_description":"[et_pb_section fb_built=\"1\" next_background_color=\"#ffffff\" _builder_version=\"4 Learn more about co-packing and improve your results.","og_url":"https:\/\/www.superiortortillas.com\/co-packing\/","og_site_name":"La Superior Tortillas","article_modified_time":"2025-09-26T01:46:21+00:00","twitter_card":"summary_large_image","twitter_misc":{"Tiempo de lectura":"4 minutos"},"schema":{"@context":"https:\/\/schema.org","@graph":[{"@type":"WebPage","@id":"https:\/\/www.superiortortillas.com\/co-packing\/","url":"https:\/\/www.superiortortillas.com\/co-packing\/","name":"Co-Packing - Complete Guide - La Superior Tortillas","isPartOf":{"@id":"https:\/\/www.superiortortillas.com\/#website"},"datePublished":"2025-02-04T07:39:36+00:00","dateModified":"2025-09-26T01:46:21+00:00","description":"[et_pb_section fb_built=\"1\" next_background_color=\"#ffffff\" _builder_version=\"4 Learn more about co-packing and improve your results.","breadcrumb":{"@id":"https:\/\/www.superiortortillas.com\/co-packing\/#breadcrumb"},"inLanguage":"es","potentialAction":[{"@type":"ReadAction","target":["https:\/\/www.superiortortillas.com\/co-packing\/"]}]},{"@type":"BreadcrumbList","@id":"https:\/\/www.superiortortillas.com\/co-packing\/#breadcrumb","itemListElement":[{"@type":"ListItem","position":1,"name":"Home","item":"https:\/\/www.superiortortillas.com\/es\/inicio\/"},{"@type":"ListItem","position":2,"name":"Co-Packing &#8211; Complete Guide"}]},{"@type":"WebSite","@id":"https:\/\/www.superiortortillas.com\/#website","url":"https:\/\/www.superiortortillas.com\/","name":"La Superior Tortillas","description":"Always Fresh, Always Superior","potentialAction":[{"@type":"SearchAction","target":{"@type":"EntryPoint","urlTemplate":"https:\/\/www.superiortortillas.com\/?s={search_term_string}"},"query-input":{"@type":"PropertyValueSpecification","valueRequired":true,"valueName":"search_term_string"}}],"inLanguage":"es"}]}},"_links":{"self":[{"href":"https:\/\/www.superiortortillas.com\/es\/wp-json\/wp\/v2\/pages\/26248","targetHints":{"allow":["GET"]}}],"collection":[{"href":"https:\/\/www.superiortortillas.com\/es\/wp-json\/wp\/v2\/pages"}],"about":[{"href":"https:\/\/www.superiortortillas.com\/es\/wp-json\/wp\/v2\/types\/page"}],"author":[{"embeddable":true,"href":"https:\/\/www.superiortortillas.com\/es\/wp-json\/wp\/v2\/users\/1"}],"replies":[{"embeddable":true,"href":"https:\/\/www.superiortortillas.com\/es\/wp-json\/wp\/v2\/comments?post=26248"}],"version-history":[{"count":2,"href":"https:\/\/www.superiortortillas.com\/es\/wp-json\/wp\/v2\/pages\/26248\/revisions"}],"predecessor-version":[{"id":26250,"href":"https:\/\/www.superiortortillas.com\/es\/wp-json\/wp\/v2\/pages\/26248\/revisions\/26250"}],"wp:attachment":[{"href":"https:\/\/www.superiortortillas.com\/es\/wp-json\/wp\/v2\/media?parent=26248"}],"curies":[{"name":"wp","href":"https:\/\/api.w.org\/{rel}","templated":true}]}}