{"id":26251,"date":"2021-11-08T00:46:52","date_gmt":"2021-11-08T00:46:52","guid":{"rendered":"https:\/\/www.superiortortillas.com\/contacto\/"},"modified":"2025-03-04T23:51:46","modified_gmt":"2025-03-04T23:51:46","slug":"contacto","status":"publish","type":"page","link":"https:\/\/www.superiortortillas.com\/es\/contacto\/","title":{"rendered":"Contacto"},"content":{"rendered":"<p>[et_pb_section fb_built=&#8221;1&#8243; _builder_version=&#8221;4.27.4&#8243; min_height=&#8221;450px&#8221; custom_margin=&#8221;0px||0px||false|false&#8221; custom_padding=&#8221;0px|0px|0|0px|false|false&#8221; bottom_divider_style=&#8221;slant2&#8243; bottom_divider_color=&#8221;#FFFFFF&#8221; global_colors_info=&#8221;{}&#8221;][et_pb_row _builder_version=&#8221;4.16&#8243; _module_preset=&#8221;default&#8221; width=&#8221;100%&#8221; max_width=&#8221;100%&#8221; min_height=&#8221;450px&#8221; height=&#8221;450px&#8221; custom_margin=&#8221;0px||0px||false|false&#8221; custom_padding=&#8221;0px||0px||false|false&#8221; global_colors_info=&#8221;{}&#8221;][et_pb_column type=&#8221;4_4&#8243; _builder_version=&#8221;4.16&#8243; _module_preset=&#8221;default&#8221; global_colors_info=&#8221;{}&#8221;][et_pb_map google_api_key=&#8221;AIzaSyAogs3EIUMSVTE1mmVJzqcfkXWERKa5OqQ&#8221; address=&#8221;500 E Central Ave, Fort Worth, TX 76164, USA&#8221; zoom_level=&#8221;12&#8243; address_lat=&#8221;32.788806831024&#8243; address_lng=&#8221;-97.360607276318&#8243; use_grayscale_filter=&#8221;on&#8221; _builder_version=&#8221;4.27.4&#8243; _module_preset=&#8221;default&#8221; custom_margin=&#8221;0px||0px||false|false&#8221; custom_padding=&#8221;0px||0px||false|false&#8221; global_colors_info=&#8221;{}&#8221;][et_pb_map_pin title=&#8221;Oficina Corporativa&#8221; pin_address=&#8221;500 E Central Ave, Fort Worth, TX 76164, USA&#8221; pin_address_lat=&#8221;32.7798591&#8243; pin_address_lng=&#8221;-97.3436128&#8243; _builder_version=&#8221;4.23.1&#8243; _module_preset=&#8221;default&#8221; global_colors_info=&#8221;{}&#8221;][\/et_pb_map_pin][\/et_pb_map][\/et_pb_column][\/et_pb_row][\/et_pb_section][et_pb_section fb_built=&#8221;1&#8243; specialty=&#8221;on&#8221; padding_bottom_1=&#8221;150px&#8221; padding_bottom_2=&#8221;250px&#8221; padding_top_bottom_link_1=&#8221;false&#8221; padding_top_bottom_link_2=&#8221;false&#8221; padding_left_right_link_1=&#8221;false&#8221; padding_left_right_link_2=&#8221;false&#8221; _builder_version=&#8221;4.27.4&#8243; _module_preset=&#8221;default&#8221; custom_padding=&#8221;||150px||false|false&#8221; bottom_divider_color=&#8221;#595959&#8243; global_colors_info=&#8221;{}&#8221;][et_pb_column type=&#8221;1_2&#8243; _builder_version=&#8221;4.16&#8243; custom_padding=&#8221;|||&#8221; global_colors_info=&#8221;{}&#8221; custom_padding__hover=&#8221;|||&#8221;][et_pb_text _builder_version=&#8221;4.27.4&#8243; _module_preset=&#8221;default&#8221; text_font=&#8221;&#8211;et_global_body_font||||||||&#8221; text_font_size=&#8221;16px&#8221; text_line_height=&#8221;1.8em&#8221; header_font=&#8221;Cooper|500|||||||&#8221; header_text_color=&#8221;#ff4713&#8243; header_font_size=&#8221;50px&#8221; header_line_height=&#8221;1.3em&#8221; header_4_font=&#8221;Cooper|500|||||||&#8221; header_4_text_color=&#8221;#ff4713&#8243; header_4_line_height=&#8221;1.7em&#8221; hover_enabled=&#8221;0&#8243; global_colors_info=&#8221;{}&#8221; sticky_enabled=&#8221;0&#8243;]<\/p>\n<h1>Mantente en <strong>Contacto<\/strong><\/h1>\n<p>\u00a1Gracias por visitar nuestro sitio web! Por favor, utilice el formulario a continuaci\u00f3n para enviarnos cualquier pregunta o comentario. Tambi\u00e9n puede contactarnos en info@superiortortillas.com. Disfruta de tu d\u00eda y de nuestras tortillas frescas.<\/p>\n<table style=\"width: 100%; border-collapse: collapse;\" border=\"0\">\n<tbody>\n<tr>\n<td style=\"width: 301.9px; vertical-align: top;\">\n<h4><\/h4>\n<h4>Oficina Corporativa<\/h4>\n<p>(817) 624-7804<br \/>500 E. Central Ave.<br \/>Fort Worth, Texas 76164<\/p>\n<h4>Horarios<\/h4>\n<p>Lunes \u2013 Viernes<br \/>8:00 a.m. a 5:00 p.m.<\/p>\n<\/td>\n<td style=\"width: 301.9px; vertical-align: top;\">\n<h4><\/h4>\n<p>&nbsp;<\/p>\n<\/td>\n<\/tr>\n<\/tbody>\n<\/table>\n<p>&nbsp;<\/p>\n<p>[\/et_pb_text][\/et_pb_column][et_pb_column type=&#8221;1_2&#8243; specialty_columns=&#8221;2&#8243; _builder_version=&#8221;4.16&#8243; custom_padding=&#8221;|||&#8221; global_colors_info=&#8221;{}&#8221; custom_padding__hover=&#8221;|||&#8221;][et_pb_row_inner column_structure=&#8221;1_2,1_2&#8243; _builder_version=&#8221;4.23.4&#8243; _module_preset=&#8221;default&#8221; global_colors_info=&#8221;{}&#8221;][et_pb_column_inner type=&#8221;1_2&#8243; saved_specialty_column_type=&#8221;1_2&#8243; _builder_version=&#8221;4.23.4&#8243; _module_preset=&#8221;default&#8221; global_colors_info=&#8221;{}&#8221;][et_pb_image src=&#8221;https:\/\/www.superiortortillas.com\/wp-content\/uploads\/2025\/02\/lasup-scaled.jpg&#8221; title_text=&#8221;lasup&#8221; show_bottom_space=&#8221;off&#8221; _builder_version=&#8221;4.27.4&#8243; _module_preset=&#8221;default&#8221; max_width=&#8221;200px&#8221; global_colors_info=&#8221;{}&#8221;][\/et_pb_image][\/et_pb_column_inner][et_pb_column_inner type=&#8221;1_2&#8243; saved_specialty_column_type=&#8221;1_2&#8243; _builder_version=&#8221;4.23.4&#8243; _module_preset=&#8221;default&#8221; global_colors_info=&#8221;{}&#8221;][et_pb_social_media_follow _builder_version=&#8221;4.27.4&#8243; _module_preset=&#8221;default&#8221; text_orientation=&#8221;right&#8221; min_height=&#8221;35px&#8221; custom_margin=&#8221;15px||0px||false|false&#8221; custom_padding=&#8221;65px||||false|false&#8221; hover_enabled=&#8221;0&#8243; global_colors_info=&#8221;{}&#8221; sticky_enabled=&#8221;0&#8243;][et_pb_social_media_follow_network social_network=&#8221;facebook&#8221; url=&#8221;https:\/\/www.facebook.com\/SuperiorTortillas\/&#8221; _builder_version=&#8221;4.27.4&#8243; _module_preset=&#8221;default&#8221; background_color=&#8221;#ff4713&#8243; background_enable_color=&#8221;on&#8221; hover_enabled=&#8221;0&#8243; global_colors_info=&#8221;{}&#8221; follow_button=&#8221;off&#8221; url_new_window=&#8221;on&#8221; sticky_enabled=&#8221;0&#8243;]facebook[\/et_pb_social_media_follow_network][et_pb_social_media_follow_network social_network=&#8221;twitter&#8221; url=&#8221;https:\/\/twitter.com\/LaSuperiorFoods&#8221; _builder_version=&#8221;4.27.4&#8243; _module_preset=&#8221;default&#8221; background_color=&#8221;#ff4713&#8243; background_enable_color=&#8221;on&#8221; hover_enabled=&#8221;0&#8243; global_colors_info=&#8221;{}&#8221; follow_button=&#8221;off&#8221; url_new_window=&#8221;on&#8221; sticky_enabled=&#8221;0&#8243;]twitter[\/et_pb_social_media_follow_network][et_pb_social_media_follow_network social_network=&#8221;instagram&#8221; background_color=&#8221;#ff4713&#8243; _builder_version=&#8221;4.27.4&#8243; _module_preset=&#8221;default&#8221; follow_button=&#8221;off&#8221; url_new_window=&#8221;on&#8221; background_enable_color=&#8221;on&#8221; hover_enabled=&#8221;0&#8243; sticky_enabled=&#8221;0&#8243; url=&#8221;https:\/\/www.instagram.com\/superiortortillas\/&#8221;]instagram[\/et_pb_social_media_follow_network][et_pb_social_media_follow_network social_network=&#8221;linkedin&#8221; url=&#8221;https:\/\/www.linkedin.com\/company\/la-superior-foods-inc&#8221; _builder_version=&#8221;4.27.4&#8243; _module_preset=&#8221;default&#8221; background_color=&#8221;#ff4713&#8243; background_enable_color=&#8221;on&#8221; hover_enabled=&#8221;0&#8243; global_colors_info=&#8221;{}&#8221; follow_button=&#8221;off&#8221; url_new_window=&#8221;on&#8221; sticky_enabled=&#8221;0&#8243;]linkedin[\/et_pb_social_media_follow_network][\/et_pb_social_media_follow][\/et_pb_column_inner][\/et_pb_row_inner][et_pb_row_inner _builder_version=&#8221;4.23.4&#8243; _module_preset=&#8221;default&#8221; global_colors_info=&#8221;{}&#8221;][et_pb_column_inner saved_specialty_column_type=&#8221;1_2&#8243; _builder_version=&#8221;4.23.4&#8243; _module_preset=&#8221;default&#8221; global_colors_info=&#8221;{}&#8221;][et_pb_contact_form use_spam_service=&#8221;on&#8221; recaptcha_list=&#8221;Superior Tortillas|Superior Tortillas-0&#8243; email=&#8221;chris@superiortortillas.com&#8221; custom_message=&#8221;The following message was received on the website:||et_pb_line_break_holder||||et_pb_line_break_holder||Name: %%name%%||et_pb_line_break_holder||EMail: %%email%%||et_pb_line_break_holder||Phone: %%phone%%||et_pb_line_break_holder||||et_pb_line_break_holder||&#8212;&#8212;&#8212;&#8212;&#8212;&#8212;&#8212;||et_pb_line_break_holder||||et_pb_line_break_holder||Message:||et_pb_line_break_holder||%%message%%&#8221; success_message=&#8221;\u00a1Gracias por contactar a La Superior Foods!&#8221; submit_button_text=&#8221;Enviar Mensaje&#8221; _builder_version=&#8221;4.27.4&#8243; _module_preset=&#8221;default&#8221; _unique_id=&#8221;d0599a67-68c0-4534-a074-da5069f44b00&#8243; form_field_background_color=&#8221;RGBA(255,255,255,0)&#8221; form_field_text_color=&#8221;#919191&#8243; form_field_font=&#8221;Lora||||||||&#8221; form_field_font_size=&#8221;16px&#8221; custom_button=&#8221;on&#8221; button_text_size=&#8221;14px&#8221; button_text_color=&#8221;#FFFFFF&#8221; button_bg_color=&#8221;#133764&#8243; button_border_width=&#8221;0px&#8221; button_border_radius=&#8221;5px&#8221; button_letter_spacing=&#8221;1px&#8221; button_font=&#8221;Oswald|700||on|||||&#8221; button_icon=&#8221;&#xf1d8;||fa||900&#8243; button_icon_color=&#8221;#FFFFFF&#8221; button_on_hover=&#8221;off&#8221; button_custom_padding=&#8221;15px|65px|15px|55px|false|false&#8221; custom_margin=&#8221;-4px||||false|false&#8221; admin_email_cc=&#8221;rick@superiortortillas.com&#8221; admin_email_bcc=&#8221;j.castillo@magencyllc.com&#8221; border_width_bottom=&#8221;1px&#8221; border_color_bottom=&#8221;#fd4702&#8243; global_colors_info=&#8221;{}&#8221;][et_pb_contact_field field_id=&#8221;Name&#8221; field_title=&#8221;Nombre&#8221; fullwidth_field=&#8221;on&#8221; _builder_version=&#8221;4.16&#8243; global_colors_info=&#8221;{}&#8221; button_text_size__hover_enabled=&#8221;off&#8221; button_one_text_size__hover_enabled=&#8221;off&#8221; button_two_text_size__hover_enabled=&#8221;off&#8221; button_text_color__hover_enabled=&#8221;off&#8221; button_one_text_color__hover_enabled=&#8221;off&#8221; button_two_text_color__hover_enabled=&#8221;off&#8221; button_border_width__hover_enabled=&#8221;off&#8221; button_one_border_width__hover_enabled=&#8221;off&#8221; button_two_border_width__hover_enabled=&#8221;off&#8221; button_border_color__hover_enabled=&#8221;off&#8221; button_one_border_color__hover_enabled=&#8221;off&#8221; button_two_border_color__hover_enabled=&#8221;off&#8221; button_border_radius__hover_enabled=&#8221;off&#8221; button_one_border_radius__hover_enabled=&#8221;off&#8221; button_two_border_radius__hover_enabled=&#8221;off&#8221; button_letter_spacing__hover_enabled=&#8221;off&#8221; button_one_letter_spacing__hover_enabled=&#8221;off&#8221; button_two_letter_spacing__hover_enabled=&#8221;off&#8221; button_bg_color__hover_enabled=&#8221;off&#8221; button_one_bg_color__hover_enabled=&#8221;off&#8221; button_two_bg_color__hover_enabled=&#8221;off&#8221;][\/et_pb_contact_field][et_pb_contact_field field_id=&#8221;Email&#8221; field_title=&#8221;Direcci\u00f3n de Correo Electr\u00f3nico&#8221; field_type=&#8221;email&#8221; _builder_version=&#8221;4.24.0&#8243; global_colors_info=&#8221;{}&#8221; button_text_size__hover_enabled=&#8221;off&#8221; button_one_text_size__hover_enabled=&#8221;off&#8221; button_two_text_size__hover_enabled=&#8221;off&#8221; button_text_color__hover_enabled=&#8221;off&#8221; button_one_text_color__hover_enabled=&#8221;off&#8221; button_two_text_color__hover_enabled=&#8221;off&#8221; button_border_width__hover_enabled=&#8221;off&#8221; button_one_border_width__hover_enabled=&#8221;off&#8221; button_two_border_width__hover_enabled=&#8221;off&#8221; button_border_color__hover_enabled=&#8221;off&#8221; button_one_border_color__hover_enabled=&#8221;off&#8221; button_two_border_color__hover_enabled=&#8221;off&#8221; button_border_radius__hover_enabled=&#8221;off&#8221; button_one_border_radius__hover_enabled=&#8221;off&#8221; button_two_border_radius__hover_enabled=&#8221;off&#8221; button_letter_spacing__hover_enabled=&#8221;off&#8221; button_one_letter_spacing__hover_enabled=&#8221;off&#8221; button_two_letter_spacing__hover_enabled=&#8221;off&#8221; button_bg_color__hover_enabled=&#8221;off&#8221; button_one_bg_color__hover_enabled=&#8221;off&#8221; button_two_bg_color__hover_enabled=&#8221;off&#8221;][\/et_pb_contact_field][et_pb_contact_field field_id=&#8221;Phone&#8221; field_title=&#8221;Tel\u00e9fono&#8221; required_mark=&#8221;off&#8221; _builder_version=&#8221;4.24.0&#8243; _module_preset=&#8221;default&#8221; global_colors_info=&#8221;{}&#8221;][\/et_pb_contact_field][et_pb_contact_field field_id=&#8221;Message&#8221; field_title=&#8221;Mensaje&#8221; field_type=&#8221;text&#8221; fullwidth_field=&#8221;on&#8221; _builder_version=&#8221;4.16&#8243; global_colors_info=&#8221;{}&#8221; button_text_size__hover_enabled=&#8221;off&#8221; button_one_text_size__hover_enabled=&#8221;off&#8221; button_two_text_size__hover_enabled=&#8221;off&#8221; button_text_color__hover_enabled=&#8221;off&#8221; button_one_text_color__hover_enabled=&#8221;off&#8221; button_two_text_color__hover_enabled=&#8221;off&#8221; button_border_width__hover_enabled=&#8221;off&#8221; button_one_border_width__hover_enabled=&#8221;off&#8221; button_two_border_width__hover_enabled=&#8221;off&#8221; button_border_color__hover_enabled=&#8221;off&#8221; button_one_border_color__hover_enabled=&#8221;off&#8221; button_two_border_color__hover_enabled=&#8221;off&#8221; button_border_radius__hover_enabled=&#8221;off&#8221; button_one_border_radius__hover_enabled=&#8221;off&#8221; button_two_border_radius__hover_enabled=&#8221;off&#8221; button_letter_spacing__hover_enabled=&#8221;off&#8221; button_one_letter_spacing__hover_enabled=&#8221;off&#8221; button_two_letter_spacing__hover_enabled=&#8221;off&#8221; button_bg_color__hover_enabled=&#8221;off&#8221; button_one_bg_color__hover_enabled=&#8221;off&#8221; button_two_bg_color__hover_enabled=&#8221;off&#8221;][\/et_pb_contact_field][\/et_pb_contact_form][\/et_pb_column_inner][\/et_pb_row_inner][\/et_pb_column][\/et_pb_section]<\/p>\n","protected":false},"excerpt":{"rendered":"<p>Mantente en Contacto \u00a1Gracias por visitar nuestro sitio web! Por favor, utilice el formulario a continuaci\u00f3n para enviarnos cualquier pregunta o comentario. Tambi\u00e9n puede contactarnos en info@superiortortillas.com. Disfruta de tu d\u00eda y de nuestras tortillas frescas. Oficina Corporativa (817) 624-7804500 E. Central Ave.Fort Worth, Texas 76164 Horarios Lunes \u2013 Viernes8:00 a.m. a 5:00 p.m. &nbsp; [&hellip;]<\/p>\n","protected":false},"author":1,"featured_media":0,"parent":0,"menu_order":0,"comment_status":"closed","ping_status":"closed","template":"","meta":{"_et_pb_use_builder":"on","_et_pb_old_content":"","_et_gb_content_width":"","footnotes":""},"class_list":["post-26251","page","type-page","status-publish","hentry"],"yoast_head":"<!-- This site is optimized with the Yoast SEO plugin v27.4 - https:\/\/yoast.com\/product\/yoast-seo-wordpress\/ -->\n<title>Contacto - La Superior Tortillas<\/title>\n<meta name=\"robots\" content=\"index, follow, max-snippet:-1, max-image-preview:large, max-video-preview:-1\" \/>\n<link rel=\"canonical\" href=\"https:\/\/www.superiortortillas.com\/es\/contacto\/\" \/>\n<meta property=\"og:locale\" content=\"es_ES\" \/>\n<meta property=\"og:type\" content=\"article\" \/>\n<meta property=\"og:title\" content=\"Contacto - La Superior Tortillas\" \/>\n<meta property=\"og:description\" content=\"Mantente en Contacto \u00a1Gracias por visitar nuestro sitio web! Por favor, utilice el formulario a continuaci\u00f3n para enviarnos cualquier pregunta o comentario. Tambi\u00e9n puede contactarnos en info@superiortortillas.com. Disfruta de tu d\u00eda y de nuestras tortillas frescas. Oficina Corporativa (817) 624-7804500 E. Central Ave.Fort Worth, Texas 76164 Horarios Lunes \u2013 Viernes8:00 a.m. a 5:00 p.m. &nbsp; [&hellip;]\" \/>\n<meta property=\"og:url\" content=\"https:\/\/www.superiortortillas.com\/es\/contacto\/\" \/>\n<meta property=\"og:site_name\" content=\"La Superior Tortillas\" \/>\n<meta property=\"article:modified_time\" content=\"2025-03-04T23:51:46+00:00\" \/>\n<meta name=\"twitter:card\" content=\"summary_large_image\" \/>\n<meta name=\"twitter:label1\" content=\"Tiempo de lectura\" \/>\n\t<meta name=\"twitter:data1\" content=\"7 minutos\" \/>\n<script type=\"application\/ld+json\" class=\"yoast-schema-graph\">{\"@context\":\"https:\\\/\\\/schema.org\",\"@graph\":[{\"@type\":\"WebPage\",\"@id\":\"https:\\\/\\\/www.superiortortillas.com\\\/es\\\/contacto\\\/\",\"url\":\"https:\\\/\\\/www.superiortortillas.com\\\/es\\\/contacto\\\/\",\"name\":\"Contacto - La Superior Tortillas\",\"isPartOf\":{\"@id\":\"https:\\\/\\\/www.superiortortillas.com\\\/#website\"},\"datePublished\":\"2021-11-08T00:46:52+00:00\",\"dateModified\":\"2025-03-04T23:51:46+00:00\",\"breadcrumb\":{\"@id\":\"https:\\\/\\\/www.superiortortillas.com\\\/es\\\/contacto\\\/#breadcrumb\"},\"inLanguage\":\"es\",\"potentialAction\":[{\"@type\":\"ReadAction\",\"target\":[\"https:\\\/\\\/www.superiortortillas.com\\\/es\\\/contacto\\\/\"]}]},{\"@type\":\"BreadcrumbList\",\"@id\":\"https:\\\/\\\/www.superiortortillas.com\\\/es\\\/contacto\\\/#breadcrumb\",\"itemListElement\":[{\"@type\":\"ListItem\",\"position\":1,\"name\":\"Home\",\"item\":\"https:\\\/\\\/www.superiortortillas.com\\\/es\\\/inicio\\\/\"},{\"@type\":\"ListItem\",\"position\":2,\"name\":\"Contacto\"}]},{\"@type\":\"WebSite\",\"@id\":\"https:\\\/\\\/www.superiortortillas.com\\\/#website\",\"url\":\"https:\\\/\\\/www.superiortortillas.com\\\/\",\"name\":\"La Superior Tortillas\",\"description\":\"Always Fresh, Always Superior\",\"potentialAction\":[{\"@type\":\"SearchAction\",\"target\":{\"@type\":\"EntryPoint\",\"urlTemplate\":\"https:\\\/\\\/www.superiortortillas.com\\\/?s={search_term_string}\"},\"query-input\":{\"@type\":\"PropertyValueSpecification\",\"valueRequired\":true,\"valueName\":\"search_term_string\"}}],\"inLanguage\":\"es\"}]}<\/script>\n<!-- \/ Yoast SEO plugin. -->","yoast_head_json":{"title":"Contacto - La Superior Tortillas","robots":{"index":"index","follow":"follow","max-snippet":"max-snippet:-1","max-image-preview":"max-image-preview:large","max-video-preview":"max-video-preview:-1"},"canonical":"https:\/\/www.superiortortillas.com\/es\/contacto\/","og_locale":"es_ES","og_type":"article","og_title":"Contacto - La Superior Tortillas","og_description":"Mantente en Contacto \u00a1Gracias por visitar nuestro sitio web! Por favor, utilice el formulario a continuaci\u00f3n para enviarnos cualquier pregunta o comentario. Tambi\u00e9n puede contactarnos en info@superiortortillas.com. Disfruta de tu d\u00eda y de nuestras tortillas frescas. Oficina Corporativa (817) 624-7804500 E. Central Ave.Fort Worth, Texas 76164 Horarios Lunes \u2013 Viernes8:00 a.m. a 5:00 p.m. &nbsp; [&hellip;]","og_url":"https:\/\/www.superiortortillas.com\/es\/contacto\/","og_site_name":"La Superior Tortillas","article_modified_time":"2025-03-04T23:51:46+00:00","twitter_card":"summary_large_image","twitter_misc":{"Tiempo de lectura":"7 minutos"},"schema":{"@context":"https:\/\/schema.org","@graph":[{"@type":"WebPage","@id":"https:\/\/www.superiortortillas.com\/es\/contacto\/","url":"https:\/\/www.superiortortillas.com\/es\/contacto\/","name":"Contacto - La Superior Tortillas","isPartOf":{"@id":"https:\/\/www.superiortortillas.com\/#website"},"datePublished":"2021-11-08T00:46:52+00:00","dateModified":"2025-03-04T23:51:46+00:00","breadcrumb":{"@id":"https:\/\/www.superiortortillas.com\/es\/contacto\/#breadcrumb"},"inLanguage":"es","potentialAction":[{"@type":"ReadAction","target":["https:\/\/www.superiortortillas.com\/es\/contacto\/"]}]},{"@type":"BreadcrumbList","@id":"https:\/\/www.superiortortillas.com\/es\/contacto\/#breadcrumb","itemListElement":[{"@type":"ListItem","position":1,"name":"Home","item":"https:\/\/www.superiortortillas.com\/es\/inicio\/"},{"@type":"ListItem","position":2,"name":"Contacto"}]},{"@type":"WebSite","@id":"https:\/\/www.superiortortillas.com\/#website","url":"https:\/\/www.superiortortillas.com\/","name":"La Superior Tortillas","description":"Always Fresh, Always Superior","potentialAction":[{"@type":"SearchAction","target":{"@type":"EntryPoint","urlTemplate":"https:\/\/www.superiortortillas.com\/?s={search_term_string}"},"query-input":{"@type":"PropertyValueSpecification","valueRequired":true,"valueName":"search_term_string"}}],"inLanguage":"es"}]}},"_links":{"self":[{"href":"https:\/\/www.superiortortillas.com\/es\/wp-json\/wp\/v2\/pages\/26251","targetHints":{"allow":["GET"]}}],"collection":[{"href":"https:\/\/www.superiortortillas.com\/es\/wp-json\/wp\/v2\/pages"}],"about":[{"href":"https:\/\/www.superiortortillas.com\/es\/wp-json\/wp\/v2\/types\/page"}],"author":[{"embeddable":true,"href":"https:\/\/www.superiortortillas.com\/es\/wp-json\/wp\/v2\/users\/1"}],"replies":[{"embeddable":true,"href":"https:\/\/www.superiortortillas.com\/es\/wp-json\/wp\/v2\/comments?post=26251"}],"version-history":[{"count":2,"href":"https:\/\/www.superiortortillas.com\/es\/wp-json\/wp\/v2\/pages\/26251\/revisions"}],"predecessor-version":[{"id":26253,"href":"https:\/\/www.superiortortillas.com\/es\/wp-json\/wp\/v2\/pages\/26251\/revisions\/26253"}],"wp:attachment":[{"href":"https:\/\/www.superiortortillas.com\/es\/wp-json\/wp\/v2\/media?parent=26251"}],"curies":[{"name":"wp","href":"https:\/\/api.w.org\/{rel}","templated":true}]}}