{"id":26269,"date":"2025-01-22T15:50:53","date_gmt":"2025-01-22T15:50:53","guid":{"rendered":"https:\/\/www.superiortortillas.com\/nuestra-marca\/"},"modified":"2025-05-02T04:01:43","modified_gmt":"2025-05-02T04:01:43","slug":"nuestra-marca","status":"publish","type":"page","link":"https:\/\/www.superiortortillas.com\/es\/nuestra-marca\/","title":{"rendered":"Nuestra Marca"},"content":{"rendered":"<p>[et_pb_section fb_built=&#8221;1&#8243; next_background_color=&#8221;#fcfcfc&#8221; _builder_version=&#8221;4.27.4&#8243; _module_preset=&#8221;default&#8221; use_background_color_gradient=&#8221;on&#8221; background_color_gradient_stops=&#8221;rgba(0,0,0,0.2) 0%|rgba(0,0,0,0.5) 100%&#8221; background_color_gradient_overlays_image=&#8221;on&#8221; background_image=&#8221;https:\/\/www.superiortortillas.com\/wp-content\/uploads\/2021\/11\/barbacoa.png&#8221; min_height=&#8221;250px&#8221; custom_padding=&#8221;||62px|||&#8221; bottom_divider_style=&#8221;slant2&#8243; global_colors_info=&#8221;{}&#8221;][et_pb_row _builder_version=&#8221;4.27.4&#8243; _module_preset=&#8221;default&#8221; custom_padding=&#8221;55px||75px||false|false&#8221; global_colors_info=&#8221;{}&#8221;][et_pb_column type=&#8221;4_4&#8243; _builder_version=&#8221;4.16&#8243; _module_preset=&#8221;default&#8221; global_colors_info=&#8221;{}&#8221;][et_pb_text _builder_version=&#8221;4.23.1&#8243; _module_preset=&#8221;default&#8221; header_4_font=&#8221;|700||on|||||&#8221; header_4_text_color=&#8221;#FFFFFF&#8221; header_4_font_size=&#8221;14px&#8221; header_4_letter_spacing=&#8221;2px&#8221; custom_margin=&#8221;||0px||false|false&#8221; global_colors_info=&#8221;{}&#8221;]<\/p>\n<h4>Siempre Frescas, Siempre Superiores<\/h4>\n<p>[\/et_pb_text][et_pb_text _builder_version=&#8221;4.27.4&#8243; _module_preset=&#8221;default&#8221; text_font=&#8221;&#8211;et_global_body_font||||||||&#8221; text_text_color=&#8221;#FFFFFF&#8221; text_font_size=&#8221;16px&#8221; text_line_height=&#8221;1.8em&#8221; header_font=&#8221;Cooper|700|||||||&#8221; header_text_color=&#8221;#ff4713&#8243; header_font_size=&#8221;75px&#8221; custom_padding=&#8221;||75px||false|false&#8221; global_colors_info=&#8221;{}&#8221;]<\/p>\n<h1><span style=\"color: #ffffff;\">La Superior <\/span><strong>Tortillas<\/strong><\/h1>\n<p>La Superior Tortillas representan la perfecta fusi\u00f3n de tradici\u00f3n e innovaci\u00f3n, elaboradas con aceite de aguacate y sin aceites de semillas, para un sabor fresco y superior sin igual. Desde Fluffy Original hasta Smoky Chipotle, cada sabor enriquece tus platillos con la calidad en la que puedes confiar.<\/p>\n<p>[\/et_pb_text][\/et_pb_column][\/et_pb_row][\/et_pb_section][et_pb_section fb_built=&#8221;1&#8243; _builder_version=&#8221;4.27.4&#8243; _module_preset=&#8221;default&#8221; background_color=&#8221;#fcfcfc&#8221; custom_padding=&#8221;||||false|false&#8221; bottom_divider_color=&#8221;#595959&#8243; bottom_divider_flip=&#8221;vertical|horizontal&#8221; global_colors_info=&#8221;{}&#8221;][et_pb_row use_custom_gutter=&#8221;on&#8221; gutter_width=&#8221;1&#8243; make_equal=&#8221;on&#8221; _builder_version=&#8221;4.27.4&#8243; _module_preset=&#8221;default&#8221; custom_padding=&#8221;||7px|||&#8221; global_colors_info=&#8221;{}&#8221;][et_pb_column type=&#8221;4_4&#8243; _builder_version=&#8221;4.27.4&#8243; _module_preset=&#8221;default&#8221; global_colors_info=&#8221;{}&#8221;][et_pb_text _builder_version=&#8221;4.27.4&#8243; _module_preset=&#8221;default&#8221; text_font=&#8221;&#8211;et_global_body_font||||||||&#8221; text_font_size=&#8221;16px&#8221; text_line_height=&#8221;1.8em&#8221; header_2_font=&#8221;Cooper||||||||&#8221; header_2_text_color=&#8221;#ff4713&#8243; header_2_font_size=&#8221;45px&#8221; header_2_line_height=&#8221;1.6em&#8221; global_colors_info=&#8221;{}&#8221;]<\/p>\n<h2>\u00bfPor qu\u00e9 elegirnos? Somos <strong>T.R.U.E<\/strong><\/h2>\n<p>En Fort Worth, Texas, estamos redefiniendo las tortillas. En La Superior, dijimos &#8220;\u00a1Adi\u00f3s!&#8221; a los aceites de semilla y &#8220;\u00a1Hola!&#8221; al aceite de aguacate, porque las tortillas deben hacer m\u00e1s que oler y saber incre\u00edbles: tambi\u00e9n deben ser una opci\u00f3n m\u00e1s saludable.<\/p>\n<p>Incluso puedes oler la frescura y los sabores a trav\u00e9s del paquete.<\/p>\n<p>[\/et_pb_text][et_pb_text _builder_version=&#8221;4.27.4&#8243; _module_preset=&#8221;default&#8221; text_font=&#8221;&#8211;et_global_body_font||||||||&#8221; text_font_size=&#8221;16px&#8221; text_line_height=&#8221;1.8em&#8221; ul_line_height=&#8221;1.8em&#8221; custom_padding=&#8221;10px||||false|false&#8221; global_colors_info=&#8221;{}&#8221;]<\/p>\n<ul>\n<li>Hecho en <strong><span style=\"color: #FF4713;\">T<\/span>exas y siempre reci\u00e9n horneado.<\/strong><\/li>\n<li><strong><span style=\"color: #FF4713;\">R<\/span>efinado <\/strong>con aceite de aguacate saludable, sin aceites de semillas.<\/li>\n<li><strong><span style=\"color: #FF4713;\">S<\/span>abores \u00fanicos <\/strong>y atrevidos que te har\u00e1n querer m\u00e1s.<\/li>\n<li><strong><span style=\"color: #FF4713;\">S<\/span>uperando <\/strong>las expectativas en cada bocado.<\/li>\n<\/ul>\n<p>[\/et_pb_text][\/et_pb_column][\/et_pb_row][et_pb_row column_structure=&#8221;1_4,1_4,1_4,1_4&#8243; _builder_version=&#8221;4.27.4&#8243; _module_preset=&#8221;default&#8221; custom_margin=&#8221;8px|auto||auto|false|false&#8221; global_colors_info=&#8221;{}&#8221;][et_pb_column type=&#8221;1_4&#8243; _builder_version=&#8221;4.27.4&#8243; _module_preset=&#8221;default&#8221; background_color=&#8221;#FFFFFF&#8221; custom_padding=&#8221;20px|20px|20px|20px|false|false&#8221; global_colors_info=&#8221;{}&#8221;][flip_lightbox_module front_image=&#8221;https:\/\/www.superiortortillas.com\/wp-content\/uploads\/2025\/01\/fluffyorginal.png&#8221; back_image=&#8221;https:\/\/www.superiortortillas.com\/wp-content\/uploads\/2025\/02\/BACK-ORIGINALpng-scaled.jpg&#8221; _builder_version=&#8221;4.27.4&#8243; _module_preset=&#8221;default&#8221; global_colors_info=&#8221;{}&#8221;][\/flip_lightbox_module][et_pb_text _builder_version=&#8221;4.27.4&#8243; _module_preset=&#8221;default&#8221; header_3_font=&#8221;Oswald||||||||&#8221; header_3_text_align=&#8221;center&#8221; link_option_url=&#8221;https:\/\/www.superiortortillas.com\/product\/fluffy-original\/&#8221; global_colors_info=&#8221;{}&#8221;]<\/p>\n<h3>Fluffy Original<\/h3>\n<p>[\/et_pb_text][\/et_pb_column][et_pb_column type=&#8221;1_4&#8243; _builder_version=&#8221;4.27.4&#8243; _module_preset=&#8221;default&#8221; background_color=&#8221;#FFFFFF&#8221; custom_padding=&#8221;20px|20px|20px|20px|false|false&#8221; global_colors_info=&#8221;{}&#8221;][flip_lightbox_module front_image=&#8221;https:\/\/www.superiortortillas.com\/wp-content\/uploads\/2025\/01\/chipotle.png&#8221; back_image=&#8221;https:\/\/www.superiortortillas.com\/wp-content\/uploads\/2025\/02\/BACK-CHIPpng-scaled.jpg&#8221; _builder_version=&#8221;4.27.4&#8243; _module_preset=&#8221;default&#8221; global_colors_info=&#8221;{}&#8221;][\/flip_lightbox_module][et_pb_text _builder_version=&#8221;4.27.4&#8243; _module_preset=&#8221;default&#8221; header_3_font=&#8221;Oswald||||||||&#8221; header_3_text_align=&#8221;center&#8221; link_option_url=&#8221;https:\/\/www.superiortortillas.com\/product\/smokey-chipotle\/&#8221; global_colors_info=&#8221;{}&#8221;]<\/p>\n<h3>Smokey Chipotle<\/h3>\n<p>[\/et_pb_text][\/et_pb_column][et_pb_column type=&#8221;1_4&#8243; _builder_version=&#8221;4.27.4&#8243; _module_preset=&#8221;default&#8221; background_color=&#8221;#FFFFFF&#8221; custom_padding=&#8221;20px|20px|20px|20px|false|false&#8221; global_colors_info=&#8221;{}&#8221;][flip_lightbox_module front_image=&#8221;https:\/\/www.superiortortillas.com\/wp-content\/uploads\/2025\/01\/butter.png&#8221; back_image=&#8221;https:\/\/www.superiortortillas.com\/wp-content\/uploads\/2025\/02\/BACK-BUTTERpng-scaled.jpg&#8221; _builder_version=&#8221;4.27.4&#8243; _module_preset=&#8221;default&#8221; global_colors_info=&#8221;{}&#8221;][\/flip_lightbox_module][et_pb_text _builder_version=&#8221;4.27.4&#8243; _module_preset=&#8221;default&#8221; header_3_font=&#8221;Oswald||||||||&#8221; header_3_text_align=&#8221;center&#8221; link_option_url=&#8221;https:\/\/www.superiortortillas.com\/product\/creamy-butter\/&#8221; global_colors_info=&#8221;{}&#8221;]<\/p>\n<h3>Creamy Butter<\/h3>\n<p>[\/et_pb_text][\/et_pb_column][et_pb_column type=&#8221;1_4&#8243; _builder_version=&#8221;4.27.4&#8243; _module_preset=&#8221;default&#8221; background_color=&#8221;#FFFFFF&#8221; custom_padding=&#8221;20px|20px|20px|20px|false|false&#8221; global_colors_info=&#8221;{}&#8221;][flip_lightbox_module front_image=&#8221;https:\/\/www.superiortortillas.com\/wp-content\/uploads\/2025\/01\/jalapeno-2.png&#8221; back_image=&#8221;https:\/\/www.superiortortillas.com\/wp-content\/uploads\/2025\/02\/FRONT-JALAPENOpng-scaled.jpg&#8221; _builder_version=&#8221;4.27.4&#8243; _module_preset=&#8221;default&#8221; global_colors_info=&#8221;{}&#8221;][\/flip_lightbox_module][et_pb_text _builder_version=&#8221;4.27.4&#8243; _module_preset=&#8221;default&#8221; header_3_font=&#8221;Oswald||||||||&#8221; header_3_text_align=&#8221;center&#8221; link_option_url=&#8221;https:\/\/www.superiortortillas.com\/product\/spicy-jalapeno\/&#8221; global_colors_info=&#8221;{}&#8221;]<\/p>\n<h3>Spicy Jalapeno<\/h3>\n<p>[\/et_pb_text][\/et_pb_column][\/et_pb_row][et_pb_row column_structure=&#8221;1_5,1_5,1_5,1_5,1_5&#8243; _builder_version=&#8221;4.27.4&#8243; _module_preset=&#8221;default&#8221; max_width=&#8221;600px&#8221; module_alignment=&#8221;center&#8221; custom_margin=&#8221;||||false|false&#8221; custom_padding=&#8221;||||false|false&#8221; global_colors_info=&#8221;{}&#8221;][et_pb_column type=&#8221;1_5&#8243; _builder_version=&#8221;4.27.4&#8243; _module_preset=&#8221;default&#8221; global_colors_info=&#8221;{}&#8221;][et_pb_image src=&#8221;https:\/\/www.superiortortillas.com\/wp-content\/uploads\/2025\/02\/Artboard-8-e1738882323649.png&#8221; title_text=&#8221;Artboard 8&#8243; show_bottom_space=&#8221;off&#8221; align=&#8221;center&#8221; _builder_version=&#8221;4.27.4&#8243; _module_preset=&#8221;default&#8221; custom_margin=&#8221;||||false|false&#8221; global_colors_info=&#8221;{}&#8221;][\/et_pb_image][\/et_pb_column][et_pb_column type=&#8221;1_5&#8243; _builder_version=&#8221;4.27.4&#8243; _module_preset=&#8221;default&#8221; global_colors_info=&#8221;{}&#8221;][et_pb_image src=&#8221;https:\/\/www.superiortortillas.com\/wp-content\/uploads\/2025\/04\/tallow_400x.webp&#8221; title_text=&#8221;tallow_400x&#8221; show_bottom_space=&#8221;off&#8221; align=&#8221;center&#8221; _builder_version=&#8221;4.27.4&#8243; _module_preset=&#8221;default&#8221; custom_margin=&#8221;||||false|false&#8221; global_colors_info=&#8221;{}&#8221;][\/et_pb_image][\/et_pb_column][et_pb_column type=&#8221;1_5&#8243; _builder_version=&#8221;4.27.4&#8243; _module_preset=&#8221;default&#8221; global_colors_info=&#8221;{}&#8221;][et_pb_image src=&#8221;https:\/\/www.superiortortillas.com\/wp-content\/uploads\/2025\/04\/dyesv2_400x.webp&#8221; title_text=&#8221;dyesv2_400x&#8221; show_bottom_space=&#8221;off&#8221; align=&#8221;center&#8221; _builder_version=&#8221;4.27.4&#8243; _module_preset=&#8221;default&#8221; custom_margin=&#8221;||||false|false&#8221; global_colors_info=&#8221;{}&#8221;][\/et_pb_image][\/et_pb_column][et_pb_column type=&#8221;1_5&#8243; _builder_version=&#8221;4.27.4&#8243; _module_preset=&#8221;default&#8221; global_colors_info=&#8221;{}&#8221;][et_pb_image src=&#8221;https:\/\/www.superiortortillas.com\/wp-content\/uploads\/2025\/04\/spice_400x.avif&#8221; title_text=&#8221;spice_400x&#8221; show_bottom_space=&#8221;off&#8221; align=&#8221;center&#8221; _builder_version=&#8221;4.27.4&#8243; _module_preset=&#8221;default&#8221; custom_margin=&#8221;||||false|false&#8221; global_colors_info=&#8221;{}&#8221;][\/et_pb_image][\/et_pb_column][et_pb_column type=&#8221;1_5&#8243; _builder_version=&#8221;4.27.4&#8243; _module_preset=&#8221;default&#8221; global_colors_info=&#8221;{}&#8221;][et_pb_image src=&#8221;https:\/\/www.superiortortillas.com\/wp-content\/uploads\/2025\/04\/ftworth_87c2f012-b3b2-4841-af36-cb703fe00720_400x.avif&#8221; title_text=&#8221;ftworth_87c2f012-b3b2-4841-af36-cb703fe00720_400x&#8221; show_bottom_space=&#8221;off&#8221; align=&#8221;center&#8221; _builder_version=&#8221;4.27.4&#8243; _module_preset=&#8221;default&#8221; custom_margin=&#8221;||||false|false&#8221; global_colors_info=&#8221;{}&#8221;][\/et_pb_image][\/et_pb_column][\/et_pb_row][et_pb_row _builder_version=&#8221;4.27.4&#8243; _module_preset=&#8221;default&#8221; module_class=&#8221;top-header&#8221; hover_enabled=&#8221;0&#8243; sticky_enabled=&#8221;0&#8243; module_alignment=&#8221;center&#8221; custom_css_main_element=&#8221;text-align: center;&#8221;][et_pb_column _builder_version=&#8221;4.27.4&#8243; _module_preset=&#8221;default&#8221; type=&#8221;4_4&#8243;][et_pb_text _builder_version=&#8221;4.27.4&#8243; _module_preset=&#8221;default&#8221; text_font_size=&#8221;16px&#8221; text_orientation=&#8221;center&#8221; global_colors_info=&#8221;{}&#8221;]<\/p>\n<p>Para m\u00e1s detalles sobre nuestras tortillas de marca y ofertas, visita nuestra secci\u00f3n de ventas al por menor.<\/p>\n<p>[\/et_pb_text][et_pb_button button_url=&#8221;@ET-DC@eyJkeW5hbWljIjp0cnVlLCJjb250ZW50IjoicG9zdF9saW5rX3VybF9wYWdlIiwic2V0dGluZ3MiOnsicG9zdF9pZCI6IjI0NzczIn19@&#8221; button_text=&#8221;Informaci\u00f3n de Retail&#8221; button_alignment=&#8221;center&#8221; _builder_version=&#8221;4.27.4&#8243; _dynamic_attributes=&#8221;button_url&#8221; _module_preset=&#8221;default&#8221; custom_button=&#8221;on&#8221; button_text_size=&#8221;14px&#8221; button_text_color=&#8221;#FFFFFF&#8221; button_bg_color=&#8221;#133764&#8243; button_border_width=&#8221;0px&#8221; button_border_radius=&#8221;5px&#8221; button_letter_spacing=&#8221;2px&#8221; button_font=&#8221;Oswald|||on|||||&#8221; button_icon=&#8221;&#x45;||divi||400&#8243; button_icon_color=&#8221;#FFFFFF&#8221; button_on_hover=&#8221;off&#8221; custom_padding=&#8221;12px|65px|12px|55px|false|false&#8221; hover_enabled=&#8221;0&#8243; global_colors_info=&#8221;{}&#8221; sticky_enabled=&#8221;0&#8243;][\/et_pb_button][et_pb_button button_url=&#8221;https:\/\/store.superiortortillas.com&#8221; url_new_window=&#8221;on&#8221; button_text=&#8221;Visita Nuestra Tienda&#8221; button_alignment=&#8221;left&#8221; module_class=&#8221;side-by-side&#8221; _builder_version=&#8221;4.27.4&#8243; _module_preset=&#8221;default&#8221; custom_button=&#8221;on&#8221; button_text_size=&#8221;14px&#8221; button_text_color=&#8221;#FFFFFF&#8221; button_bg_color=&#8221;#e44c27&#8243; button_border_width=&#8221;0px&#8221; button_border_radius=&#8221;5px&#8221; button_letter_spacing=&#8221;1px&#8221; button_font=&#8221;Oswald|700||on|||||&#8221; button_icon=&#8221;&#xf07a;||fa||900&#8243; button_on_hover=&#8221;off&#8221; custom_margin=&#8221;0px|0px|0px|0px|false|false&#8221; custom_padding=&#8221;15px|65px|15px|55px|false|false&#8221; global_colors_info=&#8221;{}&#8221; custom_css_main_element_last_edited=&#8221;on|desktop&#8221; custom_css_main_element_tablet=&#8221;float: left;&#8221; button_bg_color__hover_enabled=&#8221;on|hover&#8221; button_bg_color__hover=&#8221;rgba(228,76,39,0.82)&#8221; button_bg_enable_color__hover=&#8221;on&#8221; theme_builder_area=&#8221;post_content&#8221; custom_css_main_element_phone=&#8221;float: left;&#8221;][\/et_pb_button][\/et_pb_column][\/et_pb_row][\/et_pb_section]<\/p>\n","protected":false},"excerpt":{"rendered":"<p>Siempre Frescas, Siempre SuperioresLa Superior Tortillas La Superior Tortillas representan la perfecta fusi\u00f3n de tradici\u00f3n e innovaci\u00f3n, elaboradas con aceite de aguacate y sin aceites de semillas, para un sabor fresco y superior sin igual. Desde Fluffy Original hasta Smoky Chipotle, cada sabor enriquece tus platillos con la calidad en la que puedes confiar.\u00bfPor qu\u00e9 [&hellip;]<\/p>\n","protected":false},"author":1,"featured_media":0,"parent":0,"menu_order":0,"comment_status":"closed","ping_status":"closed","template":"","meta":{"_et_pb_use_builder":"on","_et_pb_old_content":"","_et_gb_content_width":"","footnotes":""},"class_list":["post-26269","page","type-page","status-publish","hentry"],"yoast_head":"<!-- This site is optimized with the Yoast SEO plugin v27.4 - https:\/\/yoast.com\/product\/yoast-seo-wordpress\/ -->\n<title>Nuestra Marca - La Superior Tortillas<\/title>\n<meta name=\"robots\" content=\"index, follow, max-snippet:-1, max-image-preview:large, max-video-preview:-1\" \/>\n<link rel=\"canonical\" href=\"https:\/\/www.superiortortillas.com\/our-brand\/\" \/>\n<meta property=\"og:locale\" content=\"es_ES\" \/>\n<meta property=\"og:type\" content=\"article\" \/>\n<meta property=\"og:title\" content=\"Nuestra Marca - La Superior Tortillas\" \/>\n<meta property=\"og:description\" content=\"Siempre Frescas, Siempre SuperioresLa Superior Tortillas La Superior Tortillas representan la perfecta fusi\u00f3n de tradici\u00f3n e innovaci\u00f3n, elaboradas con aceite de aguacate y sin aceites de semillas, para un sabor fresco y superior sin igual. Desde Fluffy Original hasta Smoky Chipotle, cada sabor enriquece tus platillos con la calidad en la que puedes confiar.\u00bfPor qu\u00e9 [&hellip;]\" \/>\n<meta property=\"og:url\" content=\"https:\/\/www.superiortortillas.com\/our-brand\/\" \/>\n<meta property=\"og:site_name\" content=\"La Superior Tortillas\" \/>\n<meta property=\"article:modified_time\" content=\"2025-05-02T04:01:43+00:00\" \/>\n<meta name=\"twitter:card\" content=\"summary_large_image\" \/>\n<meta name=\"twitter:label1\" content=\"Tiempo de lectura\" \/>\n\t<meta name=\"twitter:data1\" content=\"8 minutos\" \/>\n<script type=\"application\/ld+json\" class=\"yoast-schema-graph\">{\"@context\":\"https:\\\/\\\/schema.org\",\"@graph\":[{\"@type\":\"WebPage\",\"@id\":\"https:\\\/\\\/www.superiortortillas.com\\\/our-brand\\\/\",\"url\":\"https:\\\/\\\/www.superiortortillas.com\\\/our-brand\\\/\",\"name\":\"Nuestra Marca - La Superior Tortillas\",\"isPartOf\":{\"@id\":\"https:\\\/\\\/www.superiortortillas.com\\\/#website\"},\"datePublished\":\"2025-01-22T15:50:53+00:00\",\"dateModified\":\"2025-05-02T04:01:43+00:00\",\"breadcrumb\":{\"@id\":\"https:\\\/\\\/www.superiortortillas.com\\\/our-brand\\\/#breadcrumb\"},\"inLanguage\":\"es\",\"potentialAction\":[{\"@type\":\"ReadAction\",\"target\":[\"https:\\\/\\\/www.superiortortillas.com\\\/our-brand\\\/\"]}]},{\"@type\":\"BreadcrumbList\",\"@id\":\"https:\\\/\\\/www.superiortortillas.com\\\/our-brand\\\/#breadcrumb\",\"itemListElement\":[{\"@type\":\"ListItem\",\"position\":1,\"name\":\"Home\",\"item\":\"https:\\\/\\\/www.superiortortillas.com\\\/es\\\/inicio\\\/\"},{\"@type\":\"ListItem\",\"position\":2,\"name\":\"Nuestra Marca\"}]},{\"@type\":\"WebSite\",\"@id\":\"https:\\\/\\\/www.superiortortillas.com\\\/#website\",\"url\":\"https:\\\/\\\/www.superiortortillas.com\\\/\",\"name\":\"La Superior Tortillas\",\"description\":\"Always Fresh, Always Superior\",\"potentialAction\":[{\"@type\":\"SearchAction\",\"target\":{\"@type\":\"EntryPoint\",\"urlTemplate\":\"https:\\\/\\\/www.superiortortillas.com\\\/?s={search_term_string}\"},\"query-input\":{\"@type\":\"PropertyValueSpecification\",\"valueRequired\":true,\"valueName\":\"search_term_string\"}}],\"inLanguage\":\"es\"}]}<\/script>\n<!-- \/ Yoast SEO plugin. -->","yoast_head_json":{"title":"Nuestra Marca - La Superior Tortillas","robots":{"index":"index","follow":"follow","max-snippet":"max-snippet:-1","max-image-preview":"max-image-preview:large","max-video-preview":"max-video-preview:-1"},"canonical":"https:\/\/www.superiortortillas.com\/our-brand\/","og_locale":"es_ES","og_type":"article","og_title":"Nuestra Marca - La Superior Tortillas","og_description":"Siempre Frescas, Siempre SuperioresLa Superior Tortillas La Superior Tortillas representan la perfecta fusi\u00f3n de tradici\u00f3n e innovaci\u00f3n, elaboradas con aceite de aguacate y sin aceites de semillas, para un sabor fresco y superior sin igual. Desde Fluffy Original hasta Smoky Chipotle, cada sabor enriquece tus platillos con la calidad en la que puedes confiar.\u00bfPor qu\u00e9 [&hellip;]","og_url":"https:\/\/www.superiortortillas.com\/our-brand\/","og_site_name":"La Superior Tortillas","article_modified_time":"2025-05-02T04:01:43+00:00","twitter_card":"summary_large_image","twitter_misc":{"Tiempo de lectura":"8 minutos"},"schema":{"@context":"https:\/\/schema.org","@graph":[{"@type":"WebPage","@id":"https:\/\/www.superiortortillas.com\/our-brand\/","url":"https:\/\/www.superiortortillas.com\/our-brand\/","name":"Nuestra Marca - La Superior Tortillas","isPartOf":{"@id":"https:\/\/www.superiortortillas.com\/#website"},"datePublished":"2025-01-22T15:50:53+00:00","dateModified":"2025-05-02T04:01:43+00:00","breadcrumb":{"@id":"https:\/\/www.superiortortillas.com\/our-brand\/#breadcrumb"},"inLanguage":"es","potentialAction":[{"@type":"ReadAction","target":["https:\/\/www.superiortortillas.com\/our-brand\/"]}]},{"@type":"BreadcrumbList","@id":"https:\/\/www.superiortortillas.com\/our-brand\/#breadcrumb","itemListElement":[{"@type":"ListItem","position":1,"name":"Home","item":"https:\/\/www.superiortortillas.com\/es\/inicio\/"},{"@type":"ListItem","position":2,"name":"Nuestra Marca"}]},{"@type":"WebSite","@id":"https:\/\/www.superiortortillas.com\/#website","url":"https:\/\/www.superiortortillas.com\/","name":"La Superior Tortillas","description":"Always Fresh, Always Superior","potentialAction":[{"@type":"SearchAction","target":{"@type":"EntryPoint","urlTemplate":"https:\/\/www.superiortortillas.com\/?s={search_term_string}"},"query-input":{"@type":"PropertyValueSpecification","valueRequired":true,"valueName":"search_term_string"}}],"inLanguage":"es"}]}},"_links":{"self":[{"href":"https:\/\/www.superiortortillas.com\/es\/wp-json\/wp\/v2\/pages\/26269","targetHints":{"allow":["GET"]}}],"collection":[{"href":"https:\/\/www.superiortortillas.com\/es\/wp-json\/wp\/v2\/pages"}],"about":[{"href":"https:\/\/www.superiortortillas.com\/es\/wp-json\/wp\/v2\/types\/page"}],"author":[{"embeddable":true,"href":"https:\/\/www.superiortortillas.com\/es\/wp-json\/wp\/v2\/users\/1"}],"replies":[{"embeddable":true,"href":"https:\/\/www.superiortortillas.com\/es\/wp-json\/wp\/v2\/comments?post=26269"}],"version-history":[{"count":4,"href":"https:\/\/www.superiortortillas.com\/es\/wp-json\/wp\/v2\/pages\/26269\/revisions"}],"predecessor-version":[{"id":26432,"href":"https:\/\/www.superiortortillas.com\/es\/wp-json\/wp\/v2\/pages\/26269\/revisions\/26432"}],"wp:attachment":[{"href":"https:\/\/www.superiortortillas.com\/es\/wp-json\/wp\/v2\/media?parent=26269"}],"curies":[{"name":"wp","href":"https:\/\/api.w.org\/{rel}","templated":true}]}}