{"id":26291,"date":"2023-11-21T13:39:53","date_gmt":"2023-11-21T13:39:53","guid":{"rendered":"https:\/\/www.superiortortillas.com\/servicio-de-alimentos\/"},"modified":"2025-03-05T18:26:33","modified_gmt":"2025-03-05T18:26:33","slug":"servicio-de-alimentos","status":"publish","type":"page","link":"https:\/\/www.superiortortillas.com\/es\/servicio-de-alimentos\/","title":{"rendered":"Servicio de Alimentos"},"content":{"rendered":"<p>[et_pb_section fb_built=&#8221;1&#8243; next_background_color=&#8221;#ffffff&#8221; _builder_version=&#8221;4.27.4&#8243; _module_preset=&#8221;default&#8221; use_background_color_gradient=&#8221;on&#8221; background_color_gradient_direction=&#8221;197deg&#8221; background_color_gradient_stops=&#8221;rgba(0,0,0,0.25) 0%|rgba(0,0,0,0.71) 100%&#8221; background_color_gradient_overlays_image=&#8221;on&#8221; background_image=&#8221;https:\/\/www.superiortortillas.com\/wp-content\/uploads\/2023\/11\/tortillastack.jpg&#8221; min_height=&#8221;250px&#8221; custom_margin=&#8221;0px||0px||false|false&#8221; custom_padding=&#8221;64px||62px||false|false&#8221; bottom_divider_style=&#8221;slant2&#8243; global_colors_info=&#8221;{}&#8221;][et_pb_row _builder_version=&#8221;4.27.4&#8243; _module_preset=&#8221;default&#8221; custom_padding=&#8221;55px||||false|false&#8221; global_colors_info=&#8221;{}&#8221;][et_pb_column type=&#8221;4_4&#8243; _builder_version=&#8221;4.16&#8243; _module_preset=&#8221;default&#8221; global_colors_info=&#8221;{}&#8221;][et_pb_text _builder_version=&#8221;4.23.1&#8243; _module_preset=&#8221;default&#8221; header_4_font=&#8221;|700||on|||||&#8221; header_4_text_color=&#8221;#FFFFFF&#8221; header_4_font_size=&#8221;14px&#8221; header_4_letter_spacing=&#8221;2px&#8221; custom_margin=&#8221;||0px||false|false&#8221; global_colors_info=&#8221;{}&#8221;]<\/p>\n<h4>Siempre Frescas, Siempre Superiores<\/h4>\n<p>[\/et_pb_text][et_pb_text _builder_version=&#8221;4.27.4&#8243; _module_preset=&#8221;default&#8221; text_font=&#8221;&#8211;et_global_body_font||||||||&#8221; text_text_color=&#8221;#FFFFFF&#8221; text_font_size=&#8221;16px&#8221; text_line_height=&#8221;1.8em&#8221; header_font=&#8221;Cooper|500|||||||&#8221; header_text_color=&#8221;#fd4702&#8243; header_font_size=&#8221;75px&#8221; custom_padding=&#8221;||75px||false|false&#8221; header_font_size_tablet=&#8221;75px&#8221; header_font_size_phone=&#8221;45px&#8221; header_font_size_last_edited=&#8221;on|phone&#8221; global_colors_info=&#8221;{}&#8221;]<\/p>\n<h1><span style=\"color: #ffffff;\">Servicio <\/span> de Alimentos<\/h1>\n<p>La Superior Foods, Inc. se destaca como el principal y m\u00e1s vers\u00e1til fabricante de tortillas en el \u00e1rea de Dallas-Fort Worth y m\u00e1s all\u00e1, con una combinaci\u00f3n \u00fanica de tradici\u00f3n consagrada, soluciones innovadoras y un equipo din\u00e1mico y experimentado.<\/p>\n<p>&nbsp;<\/p>\n<p>[\/et_pb_text][\/et_pb_column][\/et_pb_row][\/et_pb_section][et_pb_section fb_built=&#8221;1&#8243; _builder_version=&#8221;4.23.1&#8243; _module_preset=&#8221;default&#8221; custom_padding=&#8221;30px|||||&#8221; global_colors_info=&#8221;{}&#8221;][et_pb_row _builder_version=&#8221;4.23.1&#8243; _module_preset=&#8221;default&#8221; global_colors_info=&#8221;{}&#8221;][et_pb_column type=&#8221;4_4&#8243; _builder_version=&#8221;4.23.1&#8243; _module_preset=&#8221;default&#8221; global_colors_info=&#8221;{}&#8221;][et_pb_text _builder_version=&#8221;4.27.4&#8243; _module_preset=&#8221;default&#8221; text_font=&#8221;&#8211;et_global_body_font||||||||&#8221; text_font_size=&#8221;16px&#8221; text_line_height=&#8221;1.9em&#8221; ul_font=&#8221;&#8211;et_global_body_font||||||||&#8221; header_text_color=&#8221;#f25822&#8243; header_3_font=&#8221;Cooper||||||||&#8221; header_3_text_color=&#8221;#f25822&#8243; header_3_font_size=&#8221;35px&#8221; header_3_line_height=&#8221;1.4em&#8221; header_3_font_size_tablet=&#8221;35px&#8221; header_3_font_size_phone=&#8221;25px&#8221; header_3_font_size_last_edited=&#8221;on|phone&#8221; global_colors_info=&#8221;{}&#8221;]<\/p>\n<h3>Atenci\u00f3n al Cliente de Clase Mundial<\/h3>\n<p>\u2022 Nos preocupamos por nuestros clientes. Ofrecemos soporte 24\/7 y nos adaptamos a las necesidades cambiantes, pedidos urgentes de \u00faltima hora y entregas. <br \/>\u2022 Nuestros clientes vienen a nosotros para ser proveedores de soluciones.<br \/>\u2022 Hemos establecido colaboraciones exitosas con grandes minoristas, plataformas de comercio electr\u00f3nico l\u00edderes y servicios de alimentos\/coempaquetado, con enfoque en sus necesidades.<br \/>\u2022 Creamos productos y empaques personalizados, y nos especializamos en marcas privadas.<br \/>\u2022 En el sector minorista, hemos creado soluciones llave en mano que incluyen productos de panader\u00eda listos para exhibir, eliminando la mano de obra en las tiendas. Esto incluye una etiqueta de peso aplicada al paquete, un equipo de soporte al por menor, especializado en comercializaci\u00f3n. <\/p>\n<h3>Productos Innovadores y Empaque Flexible<\/h3>\n<p>\u2022 Empaque innovador, como cajas a prueba de aplastamiento, que preservan la frescura y previenen problemas comunes como pegado y rasgaduras, para que siempre se vea fresco.<br \/>\u2022 Somos un proveedor de soluciones para un gran coempaquetador y somos el \u00fanico fabricante de tortillas que ofrece un paquete unitario personalizado de 2 unidades.<br \/>\u2022 Productos gourmet que resuelven los desaf\u00edos de la industria de tama\u00f1os de productos diversos y perfiles de sabor sabrosos, desde tortillas estilo taco callejero de 4&#8243; hasta perfiles de sabor \u00fanicos como Jalape\u00f1o Picante, Chipotle Suave, Chile Hatch y Mantequilla.<\/p>\n<h3>Infraestructura S\u00f3lida<\/h3>\n<p>\u2022 Nuestra instalaci\u00f3n est\u00e1 completamente climatizada, lo que no solo proporciona un excelente ambiente de trabajo para nuestros empleados, sino que tambi\u00e9n ayuda a la calidad de las tortillas.<br \/>\u2022 Instalamos filtros UV en toda el agua utilizada para mezclar, para crear consistencia en la masa.<br \/>\u2022 Equipos de fabricaci\u00f3n de tortillas de \u00faltima generaci\u00f3n. Esto incluye puntos de control de calidad desde el inicio hasta el final del proceso de fabricaci\u00f3n. <br \/>\u2022 Hemos invertido en el desarrollo de un excelente equipo de I+D que est\u00e1 constantemente innovando con nuevos productos, perfiles de sabor y la mezcla de lo tradicional y aut\u00e9ntico con lo contempor\u00e1neo. Ellos viven y entrenan a nuestro equipo en la ciencia de la creaci\u00f3n de tortillas, pero tambi\u00e9n en el arte. \u2022 Software ERP a nivel empresarial que controla todo el proceso: Compras, Inventario, Fabricaci\u00f3n y Programaci\u00f3n, Env\u00edos y Recepciones, Ventas, Contabilidad y Servicio al Cliente. \u2022 Solo adquirimos ingredientes de alta calidad. \u2022 Cada producto terminado que sale de nuestra instalaci\u00f3n est\u00e1 completamente documentado, incluidas las im\u00e1genes una vez que se cargan en el transporte. <\/p>\n<p>[\/et_pb_text][\/et_pb_column][\/et_pb_row][\/et_pb_section]<\/p>\n","protected":false},"excerpt":{"rendered":"<p>Siempre Frescas, Siempre SuperioresServicio de Alimentos La Superior Foods, Inc. se destaca como el principal y m\u00e1s vers\u00e1til fabricante de tortillas en el \u00e1rea de Dallas-Fort Worth y m\u00e1s all\u00e1, con una combinaci\u00f3n \u00fanica de tradici\u00f3n consagrada, soluciones innovadoras y un equipo din\u00e1mico y experimentado. &nbsp;Atenci\u00f3n al Cliente de Clase Mundial \u2022 Nos preocupamos por [&hellip;]<\/p>\n","protected":false},"author":1,"featured_media":0,"parent":0,"menu_order":0,"comment_status":"closed","ping_status":"closed","template":"","meta":{"_et_pb_use_builder":"on","_et_pb_old_content":"","_et_gb_content_width":"","footnotes":""},"class_list":["post-26291","page","type-page","status-publish","hentry"],"yoast_head":"<!-- This site is optimized with the Yoast SEO plugin v27.6 - https:\/\/yoast.com\/product\/yoast-seo-wordpress\/ -->\n<title>Servicio de Alimentos - La Superior Tortillas<\/title>\n<meta name=\"robots\" content=\"index, follow, max-snippet:-1, max-image-preview:large, max-video-preview:-1\" \/>\n<link rel=\"canonical\" href=\"https:\/\/www.superiortortillas.com\/es\/servicio-de-alimentos\/\" \/>\n<meta property=\"og:locale\" content=\"es_ES\" \/>\n<meta property=\"og:type\" content=\"article\" \/>\n<meta property=\"og:title\" content=\"Servicio de Alimentos - La Superior Tortillas\" \/>\n<meta property=\"og:description\" content=\"Siempre Frescas, Siempre SuperioresServicio de Alimentos La Superior Foods, Inc. se destaca como el principal y m\u00e1s vers\u00e1til fabricante de tortillas en el \u00e1rea de Dallas-Fort Worth y m\u00e1s all\u00e1, con una combinaci\u00f3n \u00fanica de tradici\u00f3n consagrada, soluciones innovadoras y un equipo din\u00e1mico y experimentado. &nbsp;Atenci\u00f3n al Cliente de Clase Mundial \u2022 Nos preocupamos por [&hellip;]\" \/>\n<meta property=\"og:url\" content=\"https:\/\/www.superiortortillas.com\/es\/servicio-de-alimentos\/\" \/>\n<meta property=\"og:site_name\" content=\"La Superior Tortillas\" \/>\n<meta property=\"article:modified_time\" content=\"2025-03-05T18:26:33+00:00\" \/>\n<meta name=\"twitter:card\" content=\"summary_large_image\" \/>\n<meta name=\"twitter:label1\" content=\"Tiempo de lectura\" \/>\n\t<meta name=\"twitter:data1\" content=\"4 minutos\" \/>\n<script type=\"application\/ld+json\" class=\"yoast-schema-graph\">{\"@context\":\"https:\\\/\\\/schema.org\",\"@graph\":[{\"@type\":\"WebPage\",\"@id\":\"https:\\\/\\\/www.superiortortillas.com\\\/es\\\/servicio-de-alimentos\\\/\",\"url\":\"https:\\\/\\\/www.superiortortillas.com\\\/es\\\/servicio-de-alimentos\\\/\",\"name\":\"Servicio de Alimentos - La Superior Tortillas\",\"isPartOf\":{\"@id\":\"https:\\\/\\\/www.superiortortillas.com\\\/#website\"},\"datePublished\":\"2023-11-21T13:39:53+00:00\",\"dateModified\":\"2025-03-05T18:26:33+00:00\",\"breadcrumb\":{\"@id\":\"https:\\\/\\\/www.superiortortillas.com\\\/es\\\/servicio-de-alimentos\\\/#breadcrumb\"},\"inLanguage\":\"es\",\"potentialAction\":[{\"@type\":\"ReadAction\",\"target\":[\"https:\\\/\\\/www.superiortortillas.com\\\/es\\\/servicio-de-alimentos\\\/\"]}]},{\"@type\":\"BreadcrumbList\",\"@id\":\"https:\\\/\\\/www.superiortortillas.com\\\/es\\\/servicio-de-alimentos\\\/#breadcrumb\",\"itemListElement\":[{\"@type\":\"ListItem\",\"position\":1,\"name\":\"Home\",\"item\":\"https:\\\/\\\/www.superiortortillas.com\\\/es\\\/inicio\\\/\"},{\"@type\":\"ListItem\",\"position\":2,\"name\":\"Servicio de Alimentos\"}]},{\"@type\":\"WebSite\",\"@id\":\"https:\\\/\\\/www.superiortortillas.com\\\/#website\",\"url\":\"https:\\\/\\\/www.superiortortillas.com\\\/\",\"name\":\"La Superior Tortillas\",\"description\":\"Always Fresh, Always Superior\",\"potentialAction\":[{\"@type\":\"SearchAction\",\"target\":{\"@type\":\"EntryPoint\",\"urlTemplate\":\"https:\\\/\\\/www.superiortortillas.com\\\/?s={search_term_string}\"},\"query-input\":{\"@type\":\"PropertyValueSpecification\",\"valueRequired\":true,\"valueName\":\"search_term_string\"}}],\"inLanguage\":\"es\"}]}<\/script>\n<!-- \/ Yoast SEO plugin. -->","yoast_head_json":{"title":"Servicio de Alimentos - La Superior Tortillas","robots":{"index":"index","follow":"follow","max-snippet":"max-snippet:-1","max-image-preview":"max-image-preview:large","max-video-preview":"max-video-preview:-1"},"canonical":"https:\/\/www.superiortortillas.com\/es\/servicio-de-alimentos\/","og_locale":"es_ES","og_type":"article","og_title":"Servicio de Alimentos - La Superior Tortillas","og_description":"Siempre Frescas, Siempre SuperioresServicio de Alimentos La Superior Foods, Inc. se destaca como el principal y m\u00e1s vers\u00e1til fabricante de tortillas en el \u00e1rea de Dallas-Fort Worth y m\u00e1s all\u00e1, con una combinaci\u00f3n \u00fanica de tradici\u00f3n consagrada, soluciones innovadoras y un equipo din\u00e1mico y experimentado. &nbsp;Atenci\u00f3n al Cliente de Clase Mundial \u2022 Nos preocupamos por [&hellip;]","og_url":"https:\/\/www.superiortortillas.com\/es\/servicio-de-alimentos\/","og_site_name":"La Superior Tortillas","article_modified_time":"2025-03-05T18:26:33+00:00","twitter_card":"summary_large_image","twitter_misc":{"Tiempo de lectura":"4 minutos"},"schema":{"@context":"https:\/\/schema.org","@graph":[{"@type":"WebPage","@id":"https:\/\/www.superiortortillas.com\/es\/servicio-de-alimentos\/","url":"https:\/\/www.superiortortillas.com\/es\/servicio-de-alimentos\/","name":"Servicio de Alimentos - La Superior Tortillas","isPartOf":{"@id":"https:\/\/www.superiortortillas.com\/#website"},"datePublished":"2023-11-21T13:39:53+00:00","dateModified":"2025-03-05T18:26:33+00:00","breadcrumb":{"@id":"https:\/\/www.superiortortillas.com\/es\/servicio-de-alimentos\/#breadcrumb"},"inLanguage":"es","potentialAction":[{"@type":"ReadAction","target":["https:\/\/www.superiortortillas.com\/es\/servicio-de-alimentos\/"]}]},{"@type":"BreadcrumbList","@id":"https:\/\/www.superiortortillas.com\/es\/servicio-de-alimentos\/#breadcrumb","itemListElement":[{"@type":"ListItem","position":1,"name":"Home","item":"https:\/\/www.superiortortillas.com\/es\/inicio\/"},{"@type":"ListItem","position":2,"name":"Servicio de Alimentos"}]},{"@type":"WebSite","@id":"https:\/\/www.superiortortillas.com\/#website","url":"https:\/\/www.superiortortillas.com\/","name":"La Superior Tortillas","description":"Always Fresh, Always Superior","potentialAction":[{"@type":"SearchAction","target":{"@type":"EntryPoint","urlTemplate":"https:\/\/www.superiortortillas.com\/?s={search_term_string}"},"query-input":{"@type":"PropertyValueSpecification","valueRequired":true,"valueName":"search_term_string"}}],"inLanguage":"es"}]}},"_links":{"self":[{"href":"https:\/\/www.superiortortillas.com\/es\/wp-json\/wp\/v2\/pages\/26291","targetHints":{"allow":["GET"]}}],"collection":[{"href":"https:\/\/www.superiortortillas.com\/es\/wp-json\/wp\/v2\/pages"}],"about":[{"href":"https:\/\/www.superiortortillas.com\/es\/wp-json\/wp\/v2\/types\/page"}],"author":[{"embeddable":true,"href":"https:\/\/www.superiortortillas.com\/es\/wp-json\/wp\/v2\/users\/1"}],"replies":[{"embeddable":true,"href":"https:\/\/www.superiortortillas.com\/es\/wp-json\/wp\/v2\/comments?post=26291"}],"version-history":[{"count":2,"href":"https:\/\/www.superiortortillas.com\/es\/wp-json\/wp\/v2\/pages\/26291\/revisions"}],"predecessor-version":[{"id":26293,"href":"https:\/\/www.superiortortillas.com\/es\/wp-json\/wp\/v2\/pages\/26291\/revisions\/26293"}],"wp:attachment":[{"href":"https:\/\/www.superiortortillas.com\/es\/wp-json\/wp\/v2\/media?parent=26291"}],"curies":[{"name":"wp","href":"https:\/\/api.w.org\/{rel}","templated":true}]}}